{"id":3999,"date":"2020-03-31T18:34:32","date_gmt":"2020-03-31T18:34:32","guid":{"rendered":"https:\/\/www.velanomada.com\/une-excursion-dune-journee-jusqua-aiguablava\/"},"modified":"2020-03-31T18:34:33","modified_gmt":"2020-03-31T18:34:33","slug":"une-excursion-dune-journee-jusqua-aiguablava","status":"publish","type":"page","link":"https:\/\/www.velanomada.com\/fr\/itineraires\/une-excursion-dune-journee-jusqua-aiguablava\/","title":{"rendered":"Une excursion d\u2019une journ\u00e9e jusqu\u2019\u00e0 Aiguablava"},"content":{"rendered":"<div class=\"fusion-fullwidth fullwidth-box fusion-builder-row-1 nonhundred-percent-fullwidth non-hundred-percent-height-scrolling\" style=\"--awb-border-radius-top-left:0px;--awb-border-radius-top-right:0px;--awb-border-radius-bottom-right:0px;--awb-border-radius-bottom-left:0px;--awb-flex-wrap:wrap;\" ><div class=\"fusion-builder-row fusion-row\"><div class=\"fusion-layout-column fusion_builder_column fusion-builder-column-0 fusion_builder_column_1_1 1_1 fusion-one-full fusion-column-first fusion-column-last\" style=\"--awb-bg-size:cover;\"><div class=\"fusion-column-wrapper fusion-column-has-shadow fusion-flex-column-wrapper-legacy\"><div class=\"fusion-text fusion-text-1\"><p>Dur\u00e9e : 8-10 heures<\/p>\n<p>Distance parcourue : 16 miles<\/p>\n<p>\u201ctraduit de l\u2019application de traduction Espagnol avec Google. Nous nous excusons pour les erreurs qui peuvent survenir dans le texte\u201d<\/p>\n<p>\u201cAujourd\u2019hui nous avons profit\u00e9 d\u2019une journ\u00e9e diff\u00e9rente, d\u2019une journ\u00e9e de mer, de soleil et de vent. Et nous l\u2019avons fait en donnant libre cours \u00e0 un magnifique voilier le long de l\u2019une des zones les plus belles de notre c\u00f4te. Nous avons pris notre petit d\u00e9jeuner tr\u00e8s t\u00f4t dans le bar des p\u00eacheurs. La journ\u00e9e promet d\u2019\u00eatre agr\u00e9able : une brise du Nord souffle et la mer est calme. Le soleil commence juste \u00e0 r\u00e9chauffer cette matin\u00e9e fra\u00eeche de printemps. Rapidement nous sortons du port, cap \u00e0 l\u2019horizon. Durant quelques minutes, quelques mouettes joueuses nous accompagnent. Nous naviguons au pr\u00e8s, virant vers le soleil qui se l\u00e8ve en tintant le ciel d\u2019un jaune intense et maintenant vers la C\u00f4te o\u00f9 les pins se rapprochent jusqu\u2019\u00e0 toucher l\u2019eau. Nous apercevons la crique Fosca, celle de S\u2019Alguer et de Castell. Nous entrons dans cette derni\u00e8re, verte et romantique. Un site sauvage qui n\u2019a pas encore connu l\u2019urbanisation. Nous entrons pour la voir de pr\u00e8s, virant au centre de sa petite baie.<\/p>\n<p>875_11407<\/p>\n<p>Nous nous disons qu\u2019il faudra revenir ici par la terre car, depuis le port, le chemin de ronde permet d\u2019atteindre Castell en un peu plus d\u2019une heure. Nous remontons la c\u00f4te parmi les Iles Formiques, il\u00f4ts rocheux avec un petit phare \u00e0 leur sommet. Apr\u00e8s le Cap de Blanes, on aper\u00e7oit Calella de Palafrugell, un village c\u00f4tier qui nous para\u00eet, d\u2019ici, tout blanc, ordonn\u00e9 avec ses maisons pr\u00e8s de l\u2019eau et son \u00e9glise plus haut. En remontant, nous arrivons au Cap de Sant Sebasti\u00e0, d\u2019o\u00f9 nous apercevons au Nord le majestueux Cap de Begur, gris et solitaire. Apr\u00e8s Sant Sebasti\u00e0, nous mettons le cap au large. Le vent est plus fort et cela se remarque. Nous navigons au pr\u00e8s et le voilier g\u00eete et chevauffe les vagues. Cette journ\u00e9e nous offre un paysage surprenant avec le Cap de Creus en toile de fond, bleu au loin, et les \u00eeles Medes qui ressortent avec leur couleur gris clair. Nous prenons les photos de rigueur et virons, cap vers la crique d\u2019Aiguablava o\u00f9 nous allons mouiller, mais pas avant d\u2019avoir re\u00e7u des embruns d\u2019eau sal\u00e9e provenant de trois vagues plus puissantes que les autres.<\/p>\n<p>P1050403<\/p>\n<p>Nous mouillons et, peu \u00e0 peu, la vie reprend son cours normal.  Nous pr\u00e9parons le repas, bronzons, lisons, l\u2019un d\u2019entre nous se risque \u00e0 un petit plongeon, nous d\u00e9jeunons, prenons un caf\u00e9 et faisons une petite balade sur la plage. Le temps passe doucement. Aiguablava est une crique ramass\u00e9e, tr\u00e8s belle avec d\u2019imposants blocs rocheux. Au Nord, il y a Fornells avec son petit port. Vient le moment de lever l\u2019ancre, nous nous pr\u00e9parons \u00e0 la navigation du retour. Nous pr\u00e9parons le bateau et sortons de la crique les voiles au vent. Maintenant, avec le vent de poupe, la navigation est tr\u00e8s diff\u00e9rente de celle du matin. Le voilier ne g\u00eete plus et la sensation de vitesse est moins forte. Sur le bateau r\u00e8gne une ambiance chaude d\u2019\u00e9t\u00e9. Apr\u00e8s avoir retrouv\u00e9 les paysages d\u00e9j\u00e0 crois\u00e9s quelques heures plus t\u00f4t, nous revenons aux difficult\u00e9s d\u2019une vie trop charg\u00e9e, mais avec la satisfaction d\u2019avoir pleinement profit\u00e9 d\u2019une exp\u00e9rience diff\u00e9rente et enrichissante.<\/p>\n<p>Route:<br \/>\nPalam\u00f3s<br \/>\nCap de Begur           10 miles<br \/>\nAiguablava              + 2 miles<br \/>\nPalam\u00f3s                  + 8 miles<\/p>\n<\/div><div class=\"fusion-clearfix\"><\/div><\/div><\/div><\/div><\/div>\n","protected":false},"excerpt":{"rendered":"","protected":false},"author":1,"featured_media":0,"parent":4072,"menu_order":0,"comment_status":"closed","ping_status":"closed","template":"100-width.php","meta":{"footnotes":""},"class_list":["post-3999","page","type-page","status-publish","hentry"],"yoast_head":"<!-- This site is optimized with the Yoast SEO plugin v26.0 - https:\/\/yoast.com\/wordpress\/plugins\/seo\/ -->\n<title>Une excursion d\u2019une journ\u00e9e jusqu\u2019\u00e0 Aiguablava - Vela N\u00f3mada<\/title>\n<meta name=\"robots\" content=\"index, follow, max-snippet:-1, max-image-preview:large, max-video-preview:-1\" \/>\n<link rel=\"canonical\" href=\"https:\/\/www.velanomada.com\/fr\/itineraires\/une-excursion-dune-journee-jusqua-aiguablava\/\" \/>\n<meta property=\"og:locale\" content=\"fr_FR\" \/>\n<meta property=\"og:type\" content=\"article\" \/>\n<meta property=\"og:title\" content=\"Une excursion d\u2019une journ\u00e9e jusqu\u2019\u00e0 Aiguablava - Vela N\u00f3mada\" \/>\n<meta property=\"og:url\" content=\"https:\/\/www.velanomada.com\/fr\/itineraires\/une-excursion-dune-journee-jusqua-aiguablava\/\" \/>\n<meta property=\"og:site_name\" content=\"Vela N\u00f3mada\" \/>\n<meta property=\"article:publisher\" content=\"https:\/\/www.facebook.com\/Velanomada-142292805787320\/\" \/>\n<meta property=\"article:modified_time\" content=\"2020-03-31T18:34:33+00:00\" \/>\n<meta name=\"twitter:card\" content=\"summary_large_image\" \/>\n<meta name=\"twitter:label1\" content=\"Dur\u00e9e de lecture estim\u00e9e\" \/>\n\t<meta name=\"twitter:data1\" content=\"5 minutes\" \/>\n<script type=\"application\/ld+json\" class=\"yoast-schema-graph\">{\"@context\":\"https:\/\/schema.org\",\"@graph\":[{\"@type\":\"WebPage\",\"@id\":\"https:\/\/www.velanomada.com\/fr\/itineraires\/une-excursion-dune-journee-jusqua-aiguablava\/\",\"url\":\"https:\/\/www.velanomada.com\/fr\/itineraires\/une-excursion-dune-journee-jusqua-aiguablava\/\",\"name\":\"Une excursion d\u2019une journ\u00e9e jusqu\u2019\u00e0 Aiguablava - Vela N\u00f3mada\",\"isPartOf\":{\"@id\":\"https:\/\/www.velanomada.com\/fr\/#website\"},\"datePublished\":\"2020-03-31T18:34:32+00:00\",\"dateModified\":\"2020-03-31T18:34:33+00:00\",\"breadcrumb\":{\"@id\":\"https:\/\/www.velanomada.com\/fr\/itineraires\/une-excursion-dune-journee-jusqua-aiguablava\/#breadcrumb\"},\"inLanguage\":\"fr-FR\",\"potentialAction\":[{\"@type\":\"ReadAction\",\"target\":[\"https:\/\/www.velanomada.com\/fr\/itineraires\/une-excursion-dune-journee-jusqua-aiguablava\/\"]}]},{\"@type\":\"BreadcrumbList\",\"@id\":\"https:\/\/www.velanomada.com\/fr\/itineraires\/une-excursion-dune-journee-jusqua-aiguablava\/#breadcrumb\",\"itemListElement\":[{\"@type\":\"ListItem\",\"position\":1,\"name\":\"Portada\",\"item\":\"https:\/\/www.velanomada.com\/fr\/\"},{\"@type\":\"ListItem\",\"position\":2,\"name\":\"Itin\u00e9raires\",\"item\":\"https:\/\/www.velanomada.com\/fr\/itineraires\/\"},{\"@type\":\"ListItem\",\"position\":3,\"name\":\"Une excursion d\u2019une journ\u00e9e jusqu\u2019\u00e0 Aiguablava\"}]},{\"@type\":\"WebSite\",\"@id\":\"https:\/\/www.velanomada.com\/fr\/#website\",\"url\":\"https:\/\/www.velanomada.com\/fr\/\",\"name\":\"Vela N\u00f3mada\",\"description\":\"Alquiler de veleros\",\"publisher\":{\"@id\":\"https:\/\/www.velanomada.com\/fr\/#organization\"},\"potentialAction\":[{\"@type\":\"SearchAction\",\"target\":{\"@type\":\"EntryPoint\",\"urlTemplate\":\"https:\/\/www.velanomada.com\/fr\/?s={search_term_string}\"},\"query-input\":{\"@type\":\"PropertyValueSpecification\",\"valueRequired\":true,\"valueName\":\"search_term_string\"}}],\"inLanguage\":\"fr-FR\"},{\"@type\":\"Organization\",\"@id\":\"https:\/\/www.velanomada.com\/fr\/#organization\",\"name\":\"Vela Nomada\",\"url\":\"https:\/\/www.velanomada.com\/fr\/\",\"logo\":{\"@type\":\"ImageObject\",\"inLanguage\":\"fr-FR\",\"@id\":\"https:\/\/www.velanomada.com\/fr\/#\/schema\/logo\/image\/\",\"url\":\"https:\/\/www.velanomada.com\/wp-content\/uploads\/2020\/04\/logo-vela-nomada-webx2.png\",\"contentUrl\":\"https:\/\/www.velanomada.com\/wp-content\/uploads\/2020\/04\/logo-vela-nomada-webx2.png\",\"width\":352,\"height\":152,\"caption\":\"Vela Nomada\"},\"image\":{\"@id\":\"https:\/\/www.velanomada.com\/fr\/#\/schema\/logo\/image\/\"},\"sameAs\":[\"https:\/\/www.facebook.com\/Velanomada-142292805787320\/\",\"https:\/\/www.instagram.com\/velanomadayachtcharter\/\",\"https:\/\/www.youtube.com\/channel\/UC1TivCY0taetRAF7USJqr-Q\"]}]}<\/script>\n<!-- \/ Yoast SEO plugin. -->","yoast_head_json":{"title":"Une excursion d\u2019une journ\u00e9e jusqu\u2019\u00e0 Aiguablava - Vela N\u00f3mada","robots":{"index":"index","follow":"follow","max-snippet":"max-snippet:-1","max-image-preview":"max-image-preview:large","max-video-preview":"max-video-preview:-1"},"canonical":"https:\/\/www.velanomada.com\/fr\/itineraires\/une-excursion-dune-journee-jusqua-aiguablava\/","og_locale":"fr_FR","og_type":"article","og_title":"Une excursion d\u2019une journ\u00e9e jusqu\u2019\u00e0 Aiguablava - Vela N\u00f3mada","og_url":"https:\/\/www.velanomada.com\/fr\/itineraires\/une-excursion-dune-journee-jusqua-aiguablava\/","og_site_name":"Vela N\u00f3mada","article_publisher":"https:\/\/www.facebook.com\/Velanomada-142292805787320\/","article_modified_time":"2020-03-31T18:34:33+00:00","twitter_card":"summary_large_image","twitter_misc":{"Dur\u00e9e de lecture estim\u00e9e":"5 minutes"},"schema":{"@context":"https:\/\/schema.org","@graph":[{"@type":"WebPage","@id":"https:\/\/www.velanomada.com\/fr\/itineraires\/une-excursion-dune-journee-jusqua-aiguablava\/","url":"https:\/\/www.velanomada.com\/fr\/itineraires\/une-excursion-dune-journee-jusqua-aiguablava\/","name":"Une excursion d\u2019une journ\u00e9e jusqu\u2019\u00e0 Aiguablava - Vela N\u00f3mada","isPartOf":{"@id":"https:\/\/www.velanomada.com\/fr\/#website"},"datePublished":"2020-03-31T18:34:32+00:00","dateModified":"2020-03-31T18:34:33+00:00","breadcrumb":{"@id":"https:\/\/www.velanomada.com\/fr\/itineraires\/une-excursion-dune-journee-jusqua-aiguablava\/#breadcrumb"},"inLanguage":"fr-FR","potentialAction":[{"@type":"ReadAction","target":["https:\/\/www.velanomada.com\/fr\/itineraires\/une-excursion-dune-journee-jusqua-aiguablava\/"]}]},{"@type":"BreadcrumbList","@id":"https:\/\/www.velanomada.com\/fr\/itineraires\/une-excursion-dune-journee-jusqua-aiguablava\/#breadcrumb","itemListElement":[{"@type":"ListItem","position":1,"name":"Portada","item":"https:\/\/www.velanomada.com\/fr\/"},{"@type":"ListItem","position":2,"name":"Itin\u00e9raires","item":"https:\/\/www.velanomada.com\/fr\/itineraires\/"},{"@type":"ListItem","position":3,"name":"Une excursion d\u2019une journ\u00e9e jusqu\u2019\u00e0 Aiguablava"}]},{"@type":"WebSite","@id":"https:\/\/www.velanomada.com\/fr\/#website","url":"https:\/\/www.velanomada.com\/fr\/","name":"Vela N\u00f3mada","description":"Alquiler de veleros","publisher":{"@id":"https:\/\/www.velanomada.com\/fr\/#organization"},"potentialAction":[{"@type":"SearchAction","target":{"@type":"EntryPoint","urlTemplate":"https:\/\/www.velanomada.com\/fr\/?s={search_term_string}"},"query-input":{"@type":"PropertyValueSpecification","valueRequired":true,"valueName":"search_term_string"}}],"inLanguage":"fr-FR"},{"@type":"Organization","@id":"https:\/\/www.velanomada.com\/fr\/#organization","name":"Vela Nomada","url":"https:\/\/www.velanomada.com\/fr\/","logo":{"@type":"ImageObject","inLanguage":"fr-FR","@id":"https:\/\/www.velanomada.com\/fr\/#\/schema\/logo\/image\/","url":"https:\/\/www.velanomada.com\/wp-content\/uploads\/2020\/04\/logo-vela-nomada-webx2.png","contentUrl":"https:\/\/www.velanomada.com\/wp-content\/uploads\/2020\/04\/logo-vela-nomada-webx2.png","width":352,"height":152,"caption":"Vela Nomada"},"image":{"@id":"https:\/\/www.velanomada.com\/fr\/#\/schema\/logo\/image\/"},"sameAs":["https:\/\/www.facebook.com\/Velanomada-142292805787320\/","https:\/\/www.instagram.com\/velanomadayachtcharter\/","https:\/\/www.youtube.com\/channel\/UC1TivCY0taetRAF7USJqr-Q"]}]}},"_links":{"self":[{"href":"https:\/\/www.velanomada.com\/fr\/wp-json\/wp\/v2\/pages\/3999","targetHints":{"allow":["GET"]}}],"collection":[{"href":"https:\/\/www.velanomada.com\/fr\/wp-json\/wp\/v2\/pages"}],"about":[{"href":"https:\/\/www.velanomada.com\/fr\/wp-json\/wp\/v2\/types\/page"}],"author":[{"embeddable":true,"href":"https:\/\/www.velanomada.com\/fr\/wp-json\/wp\/v2\/users\/1"}],"replies":[{"embeddable":true,"href":"https:\/\/www.velanomada.com\/fr\/wp-json\/wp\/v2\/comments?post=3999"}],"version-history":[{"count":1,"href":"https:\/\/www.velanomada.com\/fr\/wp-json\/wp\/v2\/pages\/3999\/revisions"}],"predecessor-version":[{"id":4000,"href":"https:\/\/www.velanomada.com\/fr\/wp-json\/wp\/v2\/pages\/3999\/revisions\/4000"}],"up":[{"embeddable":true,"href":"https:\/\/www.velanomada.com\/fr\/wp-json\/wp\/v2\/pages\/4072"}],"wp:attachment":[{"href":"https:\/\/www.velanomada.com\/fr\/wp-json\/wp\/v2\/media?parent=3999"}],"curies":[{"name":"wp","href":"https:\/\/api.w.org\/{rel}","templated":true}]}}