{"id":3997,"date":"2020-03-31T18:34:04","date_gmt":"2020-03-31T18:34:04","guid":{"rendered":"https:\/\/www.velanomada.com\/la-traversee-du-golfe-du-lion-a-la-voile\/"},"modified":"2020-03-31T18:34:04","modified_gmt":"2020-03-31T18:34:04","slug":"la-traversee-du-golfe-du-lion-a-la-voile","status":"publish","type":"page","link":"https:\/\/www.velanomada.com\/fr\/itineraires\/la-traversee-du-golfe-du-lion-a-la-voile\/","title":{"rendered":"La travers\u00e9e du golfe du Lion \u00e0 la voile"},"content":{"rendered":"<div class=\"fusion-fullwidth fullwidth-box fusion-builder-row-1 nonhundred-percent-fullwidth non-hundred-percent-height-scrolling\" style=\"--awb-border-radius-top-left:0px;--awb-border-radius-top-right:0px;--awb-border-radius-bottom-right:0px;--awb-border-radius-bottom-left:0px;--awb-flex-wrap:wrap;\" ><div class=\"fusion-builder-row fusion-row\"><div class=\"fusion-layout-column fusion_builder_column fusion-builder-column-0 fusion_builder_column_1_1 1_1 fusion-one-full fusion-column-first fusion-column-last\" style=\"--awb-bg-size:cover;\"><div class=\"fusion-column-wrapper fusion-column-has-shadow fusion-flex-column-wrapper-legacy\"><div class=\"fusion-text fusion-text-1\"><p>\u201ctraduit de l\u2019application de traduction Espagnol avec Google. Nous nous excusons pour les erreurs qui peuvent survenir dans le texte\u201d<\/p>\n<p>Dur\u00e9e: Une semaine<\/p>\n<p>Distance parcourue: 320 miles<\/p>\n<p>Palam\u00f3s \u2013 Br\u00e9gan\u00e7on \u2013 Golfe du Lion \u2013 Saint-Tropez \u2013 Palam\u00f3s<\/p>\n<p>Mardi Septembre 23, 2003<\/p>\n<p>Le jour est arriv\u00e9 comme pr\u00e9vu. Il est 10 heures et nous sommes tous pr\u00eats sur le quai du port de Palamos \u00e0 sortir et \u00e0 faire le golfe du Lion. Je suis excit\u00e9. Le golfe bien connu des lions! Connu parmi les marins Mistrales par la fr\u00e9quence de leurs visites.<\/p>\n<p>Eh bien, la pr\u00e9vision est pour la force du mistral 6 heures du matin et tomber \u00e0 4-5 dans l\u2019apr\u00e8s-midi et nuit. Tout donne l\u2019impression que le golfe va honorer sa r\u00e9putation.<\/p>\n<p>Nous avons quitt\u00e9 peu avant minuit. Nous tramontane lumi\u00e8re, nous obligeant ceindre 64e due \u00e0 l\u2019\u00eele de Porquerolles, \u00e0 160 miles. Nous nous pr\u00e9parons pour la premi\u00e8re attaque.<\/p>\n<p>En quelques heures, le vent commence \u00e0 rouler \u00e0 NW (Mestral) l\u2019augmentation de sa force. Commencez la partie. Il est midi et garder le cap, les trimamos descuartelar bougies. Le bateau est comme une locomotive. Da 9 noeuds en moyenne avec 10 et 11 points. Sous un vent de 25-30 noeuds, avec des pointes de 35 n\u0153uds et une mer movidita, nous avons d\u00e9j\u00e0 deux ris dans la grand g\u00e9nois roul\u00e9 et la jolie\u2026<\/p>\n<p>L\u2019apr\u00e8s-midi a \u00e9t\u00e9 consacr\u00e9 quereller avec la roue pour maintenir le bateau sur la bonne voie. La situation est calme, mais le vent est tendue. Nous commen\u00e7ons \u00e0 douter de la pr\u00e9vision. Quelqu\u2019un a sugg\u00e9r\u00e9 tourner autour parce que la mer est \u00e0 couper le souffle. Nous sommes maintenant entr\u00e9s pleinement dans le Golfe. Enfin, et malgr\u00e9 tout, nous avons d\u00e9cid\u00e9 de continuer. Toutes les pr\u00e9visions nous indiquent que le vent doit redescendre. Technique feront confiance des m\u00e9t\u00e9orologues et le voilier.<\/p>\n<p>Entrez le combat de nuit avec la roue pour maintenir le bateau dans ces conditions est constant, fort, implacable, et pourtant vous fait vous sentir vivant, dans ce pr\u00e9sent difficile et humide que nous avons choisi. Ce sont des moments intenses qui sera sans aucun doute une m\u00e9moire longue.<\/p>\n<p>Mercredi Septembre 24, 2003<\/p>\n<p>T\u00f4t le matin, nous avons remarqu\u00e9 que le vent et tomber tangible et maritime. Mieux, parce que nous avions des doutes.<\/p>\n<p>De l\u00e0, le bateau beaucoup plus docile, se laisse emporter de la fable, bien que jusqu\u2019\u00e0 pr\u00e9sent a r\u00e9sist\u00e9 comme un JAVATO. Nous avons pass\u00e9 la matin\u00e9e sailing travers un brun fonc\u00e9 de la mer comme la gorge du loup.<\/p>\n<p>Environ 2 d\u00e9j\u00e0 rep\u00e9r\u00e9 le premier brouillard de la Provence. A 5 heures du matin, fatigu\u00e9, et avec la force de 6-7 NE M\u00e9t\u00e9o imminentes pr\u00e9vue dans notre r\u00e9gion, ancr\u00e9 \u00e0 la premi\u00e8re lueur du jour Br\u00e9gan\u00e7on Bay. Pour dormir, ce qui est maintenant.<\/p>\n<p>Je me l\u00e8ve en milieu de matin\u00e9e. Tout le monde dort. Le bateau est ancr\u00e9 dans le calme, la mer est plate comme un miroir. Aucun son ou un souffle. Je sors et je suis ravi du paysage qui nous entoure. Jusqu\u2019\u00e0 pr\u00e9sent, je n\u2019avais pas vu depuis notre entr\u00e9e avec tr\u00e8s peu de lumi\u00e8re. La r\u00e9gion est aussi Palam\u00f3s Castle Creek (non d\u00e9velopp\u00e9e), mais 10 ou 20 fois plus grande. Il ya un ch\u00e2teau \u00e0 l\u2019est de l\u2019endroit o\u00f9 nous sommes ancr\u00e9s. A bord de l\u2019eau verte bois\u00e9e transparente entourant le navire. Nous avons vraiment pass\u00e9 un bel endroit.<\/p>\n<p>Apr\u00e8s le d\u00e9jeuner, nous allons inspecter la c\u00f4te avec de l\u2019air comme NE d\u00e9j\u00e0 entr\u00e9s et nous voulons garder le cap avec un vent de 30 noeuds visage.<\/p>\n<p>C\u2019est le paradis. Nous sommes seulement trois navires et un trimaran de course amarr\u00e9 dans une grande baie, entour\u00e9e d\u2019une plage de sable fin et un fond de pins dense for\u00eat. Nous voyons qu\u2019il est n\u00e9cessaire d\u2019entrer avec prudence, car cela est plein de rochers bas, en particulier dans l\u2019ouest et le vent du nord.<\/p>\n<p>Le coucher du soleil \u2026 comment dirais-je \u2026 ne sais pas. Un ciel immacul\u00e9 nous donne un coucher de soleil lent, lent et beau. Le vent de NE et de descendre. Nous pr\u00e9parons la sortie de Saint-Tropez.<\/p>\n<p>Jeudi Septembre 25, 2003<\/p>\n<p>A 5 suis touch\u00e9 la cible. Nous nous sommes lev\u00e9s et nous avons lev\u00e9 l\u2019ancre dans la nuit calme. Sur men\u00e9e par Cap B\u00e9nat phare, puis le Cap Camarat.<\/p>\n<p>Nous naviguons voile. La journ\u00e9e commence lentement \u00e0 \u00e9merger lentement et les \u00eeles de Port Cros et du Levant sont laiss\u00e9s par la hanche tribord. La matin\u00e9e est ensoleill\u00e9e et calme. Il ya la mer, mais tr\u00e8s peu de vent. Juste entrer dans le compartiment moteur de Saint-Tropez. Le paysage est magnifique, nous sommes dans la Riviera fran\u00e7aise. Ils ont l\u2019air apr\u00e8s l\u2019aube d\u2019un brise-lames imposante m\u00e2ts protection de la Saint-Tropez. Nous irons les voir. Nous avons pass\u00e9 l\u2019embouchure de Port Grimaud \u00e0 10 heures. Nous sommes arriv\u00e9s.<\/p>\n<p>Vendredi 10 Octobre 2003<\/p>\n<p>Apr\u00e8s quelques jours (quelques jours) amis de vacances, vent, venteux, et les nouveaux, \u00e0 5 heures outta Port Grimaud amarres et \u00e0 gauche pour rentrer \u00e0 la maison. Pas de lumi\u00e8re du jour et de dormir avec elle. Beau temps, un peu \u00e0 l\u2019ouest de la mer qui vient avant, mais peu de vent. Faisons voile \u2013 moteur.<\/p>\n<p>Sans s\u2019en rendre compte, et de jour, nous sommes de retour dans les mains du Golfe du Lion, cette fois, cependant, nous sont pr\u00e9sent\u00e9s doux.<\/p>\n<p>Les heures passent facilement, un garde apr\u00e8s l\u2019autre sans autre nouveaut\u00e9 que les histoires nous expliquons l\u2019autre.<\/p>\n<p>Le coucher du soleil nous attrape dans les 75 miles de la c\u00f4te. Le soleil se cache derri\u00e8re l\u2019horizon \u00e9clair\u00e9 dans ses teintes ciel de mille teint\u00e9 d\u2019orange. Sur l\u2019avant tribord voir clairement le massif du Canigou, notre Canig\u00f3. La vue sur la mer depuis son sommet est \u00e0 la fois vouloir nous a amen\u00e9s ici. Et de la mer, les sommets du Canigou sont la logique, ordonn\u00e9e, parfait de son immensit\u00e9. Serait-ce nos vies suivent des chemins de paix qui nous a donn\u00e9 ce ciel et cette mer de complaisance. La lune vient nous voir d\u00e8s que le soleil dit au revoir. Le bateau, naviguant sans cesse, comme l\u2019univers. Personne ne dit rien pendant un long moment. Vous n\u2019avez pas dit quoi que ce soit.<\/p>\n<p>Samedi 11 Octobre 2003<\/p>\n<p>A l\u2019aube, la vis\u00e9e en vertu d\u2019une nuit de pleine lune les lumi\u00e8res de la Costa Brava, connu et partag\u00e9 de nombreuses nuits apr\u00e8s nous sommes entr\u00e9s dans Palam\u00f3s. Nous li\u00e9es pleine d\u2019exp\u00e9riences, et \u00e0 la m\u00e9moire du golfe du Lion en poche. Le golfe maintenant \u00eatre aussi un peu la n\u00f4tre.<\/p>\n<p>Quim Gispert<\/p>\n<\/div><div class=\"fusion-clearfix\"><\/div><\/div><\/div><\/div><\/div>\n","protected":false},"excerpt":{"rendered":"","protected":false},"author":1,"featured_media":0,"parent":4072,"menu_order":0,"comment_status":"closed","ping_status":"closed","template":"100-width.php","meta":{"footnotes":""},"class_list":["post-3997","page","type-page","status-publish","hentry"],"yoast_head":"<!-- This site is optimized with the Yoast SEO plugin v26.0 - https:\/\/yoast.com\/wordpress\/plugins\/seo\/ -->\n<title>La travers\u00e9e du golfe du Lion \u00e0 la voile - Vela N\u00f3mada<\/title>\n<meta name=\"robots\" content=\"index, follow, max-snippet:-1, max-image-preview:large, max-video-preview:-1\" \/>\n<link rel=\"canonical\" href=\"https:\/\/www.velanomada.com\/fr\/itineraires\/la-traversee-du-golfe-du-lion-a-la-voile\/\" \/>\n<meta property=\"og:locale\" content=\"fr_FR\" \/>\n<meta property=\"og:type\" content=\"article\" \/>\n<meta property=\"og:title\" content=\"La travers\u00e9e du golfe du Lion \u00e0 la voile - Vela N\u00f3mada\" \/>\n<meta property=\"og:url\" content=\"https:\/\/www.velanomada.com\/fr\/itineraires\/la-traversee-du-golfe-du-lion-a-la-voile\/\" \/>\n<meta property=\"og:site_name\" content=\"Vela N\u00f3mada\" \/>\n<meta property=\"article:publisher\" content=\"https:\/\/www.facebook.com\/Velanomada-142292805787320\/\" \/>\n<meta name=\"twitter:card\" content=\"summary_large_image\" \/>\n<meta name=\"twitter:label1\" content=\"Dur\u00e9e de lecture estim\u00e9e\" \/>\n\t<meta name=\"twitter:data1\" content=\"8 minutes\" \/>\n<script type=\"application\/ld+json\" class=\"yoast-schema-graph\">{\"@context\":\"https:\/\/schema.org\",\"@graph\":[{\"@type\":\"WebPage\",\"@id\":\"https:\/\/www.velanomada.com\/fr\/itineraires\/la-traversee-du-golfe-du-lion-a-la-voile\/\",\"url\":\"https:\/\/www.velanomada.com\/fr\/itineraires\/la-traversee-du-golfe-du-lion-a-la-voile\/\",\"name\":\"La travers\u00e9e du golfe du Lion \u00e0 la voile - Vela N\u00f3mada\",\"isPartOf\":{\"@id\":\"https:\/\/www.velanomada.com\/fr\/#website\"},\"datePublished\":\"2020-03-31T18:34:04+00:00\",\"breadcrumb\":{\"@id\":\"https:\/\/www.velanomada.com\/fr\/itineraires\/la-traversee-du-golfe-du-lion-a-la-voile\/#breadcrumb\"},\"inLanguage\":\"fr-FR\",\"potentialAction\":[{\"@type\":\"ReadAction\",\"target\":[\"https:\/\/www.velanomada.com\/fr\/itineraires\/la-traversee-du-golfe-du-lion-a-la-voile\/\"]}]},{\"@type\":\"BreadcrumbList\",\"@id\":\"https:\/\/www.velanomada.com\/fr\/itineraires\/la-traversee-du-golfe-du-lion-a-la-voile\/#breadcrumb\",\"itemListElement\":[{\"@type\":\"ListItem\",\"position\":1,\"name\":\"Portada\",\"item\":\"https:\/\/www.velanomada.com\/fr\/\"},{\"@type\":\"ListItem\",\"position\":2,\"name\":\"Itin\u00e9raires\",\"item\":\"https:\/\/www.velanomada.com\/fr\/itineraires\/\"},{\"@type\":\"ListItem\",\"position\":3,\"name\":\"La travers\u00e9e du golfe du Lion \u00e0 la voile\"}]},{\"@type\":\"WebSite\",\"@id\":\"https:\/\/www.velanomada.com\/fr\/#website\",\"url\":\"https:\/\/www.velanomada.com\/fr\/\",\"name\":\"Vela N\u00f3mada\",\"description\":\"Alquiler de veleros\",\"publisher\":{\"@id\":\"https:\/\/www.velanomada.com\/fr\/#organization\"},\"potentialAction\":[{\"@type\":\"SearchAction\",\"target\":{\"@type\":\"EntryPoint\",\"urlTemplate\":\"https:\/\/www.velanomada.com\/fr\/?s={search_term_string}\"},\"query-input\":{\"@type\":\"PropertyValueSpecification\",\"valueRequired\":true,\"valueName\":\"search_term_string\"}}],\"inLanguage\":\"fr-FR\"},{\"@type\":\"Organization\",\"@id\":\"https:\/\/www.velanomada.com\/fr\/#organization\",\"name\":\"Vela Nomada\",\"url\":\"https:\/\/www.velanomada.com\/fr\/\",\"logo\":{\"@type\":\"ImageObject\",\"inLanguage\":\"fr-FR\",\"@id\":\"https:\/\/www.velanomada.com\/fr\/#\/schema\/logo\/image\/\",\"url\":\"https:\/\/www.velanomada.com\/wp-content\/uploads\/2020\/04\/logo-vela-nomada-webx2.png\",\"contentUrl\":\"https:\/\/www.velanomada.com\/wp-content\/uploads\/2020\/04\/logo-vela-nomada-webx2.png\",\"width\":352,\"height\":152,\"caption\":\"Vela Nomada\"},\"image\":{\"@id\":\"https:\/\/www.velanomada.com\/fr\/#\/schema\/logo\/image\/\"},\"sameAs\":[\"https:\/\/www.facebook.com\/Velanomada-142292805787320\/\",\"https:\/\/www.instagram.com\/velanomadayachtcharter\/\",\"https:\/\/www.youtube.com\/channel\/UC1TivCY0taetRAF7USJqr-Q\"]}]}<\/script>\n<!-- \/ Yoast SEO plugin. -->","yoast_head_json":{"title":"La travers\u00e9e du golfe du Lion \u00e0 la voile - Vela N\u00f3mada","robots":{"index":"index","follow":"follow","max-snippet":"max-snippet:-1","max-image-preview":"max-image-preview:large","max-video-preview":"max-video-preview:-1"},"canonical":"https:\/\/www.velanomada.com\/fr\/itineraires\/la-traversee-du-golfe-du-lion-a-la-voile\/","og_locale":"fr_FR","og_type":"article","og_title":"La travers\u00e9e du golfe du Lion \u00e0 la voile - Vela N\u00f3mada","og_url":"https:\/\/www.velanomada.com\/fr\/itineraires\/la-traversee-du-golfe-du-lion-a-la-voile\/","og_site_name":"Vela N\u00f3mada","article_publisher":"https:\/\/www.facebook.com\/Velanomada-142292805787320\/","twitter_card":"summary_large_image","twitter_misc":{"Dur\u00e9e de lecture estim\u00e9e":"8 minutes"},"schema":{"@context":"https:\/\/schema.org","@graph":[{"@type":"WebPage","@id":"https:\/\/www.velanomada.com\/fr\/itineraires\/la-traversee-du-golfe-du-lion-a-la-voile\/","url":"https:\/\/www.velanomada.com\/fr\/itineraires\/la-traversee-du-golfe-du-lion-a-la-voile\/","name":"La travers\u00e9e du golfe du Lion \u00e0 la voile - Vela N\u00f3mada","isPartOf":{"@id":"https:\/\/www.velanomada.com\/fr\/#website"},"datePublished":"2020-03-31T18:34:04+00:00","breadcrumb":{"@id":"https:\/\/www.velanomada.com\/fr\/itineraires\/la-traversee-du-golfe-du-lion-a-la-voile\/#breadcrumb"},"inLanguage":"fr-FR","potentialAction":[{"@type":"ReadAction","target":["https:\/\/www.velanomada.com\/fr\/itineraires\/la-traversee-du-golfe-du-lion-a-la-voile\/"]}]},{"@type":"BreadcrumbList","@id":"https:\/\/www.velanomada.com\/fr\/itineraires\/la-traversee-du-golfe-du-lion-a-la-voile\/#breadcrumb","itemListElement":[{"@type":"ListItem","position":1,"name":"Portada","item":"https:\/\/www.velanomada.com\/fr\/"},{"@type":"ListItem","position":2,"name":"Itin\u00e9raires","item":"https:\/\/www.velanomada.com\/fr\/itineraires\/"},{"@type":"ListItem","position":3,"name":"La travers\u00e9e du golfe du Lion \u00e0 la voile"}]},{"@type":"WebSite","@id":"https:\/\/www.velanomada.com\/fr\/#website","url":"https:\/\/www.velanomada.com\/fr\/","name":"Vela N\u00f3mada","description":"Alquiler de veleros","publisher":{"@id":"https:\/\/www.velanomada.com\/fr\/#organization"},"potentialAction":[{"@type":"SearchAction","target":{"@type":"EntryPoint","urlTemplate":"https:\/\/www.velanomada.com\/fr\/?s={search_term_string}"},"query-input":{"@type":"PropertyValueSpecification","valueRequired":true,"valueName":"search_term_string"}}],"inLanguage":"fr-FR"},{"@type":"Organization","@id":"https:\/\/www.velanomada.com\/fr\/#organization","name":"Vela Nomada","url":"https:\/\/www.velanomada.com\/fr\/","logo":{"@type":"ImageObject","inLanguage":"fr-FR","@id":"https:\/\/www.velanomada.com\/fr\/#\/schema\/logo\/image\/","url":"https:\/\/www.velanomada.com\/wp-content\/uploads\/2020\/04\/logo-vela-nomada-webx2.png","contentUrl":"https:\/\/www.velanomada.com\/wp-content\/uploads\/2020\/04\/logo-vela-nomada-webx2.png","width":352,"height":152,"caption":"Vela Nomada"},"image":{"@id":"https:\/\/www.velanomada.com\/fr\/#\/schema\/logo\/image\/"},"sameAs":["https:\/\/www.facebook.com\/Velanomada-142292805787320\/","https:\/\/www.instagram.com\/velanomadayachtcharter\/","https:\/\/www.youtube.com\/channel\/UC1TivCY0taetRAF7USJqr-Q"]}]}},"_links":{"self":[{"href":"https:\/\/www.velanomada.com\/fr\/wp-json\/wp\/v2\/pages\/3997","targetHints":{"allow":["GET"]}}],"collection":[{"href":"https:\/\/www.velanomada.com\/fr\/wp-json\/wp\/v2\/pages"}],"about":[{"href":"https:\/\/www.velanomada.com\/fr\/wp-json\/wp\/v2\/types\/page"}],"author":[{"embeddable":true,"href":"https:\/\/www.velanomada.com\/fr\/wp-json\/wp\/v2\/users\/1"}],"replies":[{"embeddable":true,"href":"https:\/\/www.velanomada.com\/fr\/wp-json\/wp\/v2\/comments?post=3997"}],"version-history":[{"count":1,"href":"https:\/\/www.velanomada.com\/fr\/wp-json\/wp\/v2\/pages\/3997\/revisions"}],"predecessor-version":[{"id":3998,"href":"https:\/\/www.velanomada.com\/fr\/wp-json\/wp\/v2\/pages\/3997\/revisions\/3998"}],"up":[{"embeddable":true,"href":"https:\/\/www.velanomada.com\/fr\/wp-json\/wp\/v2\/pages\/4072"}],"wp:attachment":[{"href":"https:\/\/www.velanomada.com\/fr\/wp-json\/wp\/v2\/media?parent=3997"}],"curies":[{"name":"wp","href":"https:\/\/api.w.org\/{rel}","templated":true}]}}