{"id":3964,"date":"2020-03-30T19:35:10","date_gmt":"2020-03-30T19:35:10","guid":{"rendered":"https:\/\/www.velanomada.com\/itineraris\/una-excursio-dun-dia-en-veler-fins-a-aiguablava\/"},"modified":"2020-04-26T13:47:40","modified_gmt":"2020-04-26T13:47:40","slug":"una-excursio-dun-dia-en-veler-fins-a-aiguablava","status":"publish","type":"page","link":"https:\/\/www.velanomada.com\/ca\/itineraris\/una-excursio-dun-dia-en-veler-fins-a-aiguablava\/","title":{"rendered":"Excursi\u00f3 d\u2019un dia en veler fins a Aiguablava"},"content":{"rendered":"<div class=\"fusion-fullwidth fullwidth-box fusion-builder-row-1 nonhundred-percent-fullwidth non-hundred-percent-height-scrolling\" style=\"--awb-border-radius-top-left:0px;--awb-border-radius-top-right:0px;--awb-border-radius-bottom-right:0px;--awb-border-radius-bottom-left:0px;--awb-flex-wrap:wrap;\" ><div class=\"fusion-builder-row fusion-row\"><div class=\"fusion-layout-column fusion_builder_column fusion-builder-column-0 fusion_builder_column_1_1 1_1 fusion-one-full fusion-column-first fusion-column-last\" style=\"--awb-bg-size:cover;\"><div class=\"fusion-column-wrapper fusion-column-has-shadow fusion-flex-column-wrapper-legacy\"><div class=\"fusion-text fusion-text-1\"><h1 class=\"page-title\">Excursi\u00f3 d\u2019un dia en veler fins a Aiguablava<\/h1>\n<p>Durada: 8-10 hores<\/p>\n<p>Dist\u00e0ncia recorreguda: 20 milles<\/p>\n<p>Avui hem gaudit d\u2019un dia diferent, d\u2019un dia de mar, sol i vent.<\/p>\n<p>Ho hem fet portant les regnes (aix\u00f2 que els avesats en la mat\u00e8ria en diuen escotes) d\u2019un magn\u00edfic veler per una de les zones m\u00e9s boniques de la nostra costa.<\/p>\n<p>De bon mat\u00ed hem esmorzat al bar dels pescadors, o Casa del Mar de Palam\u00f3s.\u00a0 Un bon esmorzar de pa amb tom\u00e0quet i embotits.\u00a0 Amb la panxa plena hem anat a trobar els amics de Vela N\u00f2mada.\u00a0 El dia promet: tenim brisa del nord, tramontaneta, i la mar \u00e9s ben calma.\u00a0 El sol comen\u00e7a a escalfar un mat\u00ed fresc de primavera.<\/p>\n<p>Despr\u00e9s de les presentacions de rigor amb els que seran els nostres companys de singladura per un dia, la gent de Vela N\u00f2mada ens ha explicat les caracter\u00edstiques, elements i maniobres b\u00e0siques del vaixell.<\/p>\n<p><a href=\"https:\/\/www.velanomada.com\/wp-content\/uploads\/875_11407.jpg\"><img decoding=\"async\" class=\"aligncenter size-medium wp-image-2523\" src=\"https:\/\/www.velanomada.com\/wp-content\/uploads\/875_11407-300x225.jpg\" sizes=\"(max-width: 300px) 100vw, 300px\" srcset=\"https:\/\/www.velanomada.com\/wp-content\/uploads\/875_11407-300x225.jpg 300w, https:\/\/www.velanomada.com\/wp-content\/uploads\/875_11407-600x450.jpg 600w, https:\/\/www.velanomada.com\/wp-content\/uploads\/875_11407.jpg 640w\" alt=\"875_11407\" width=\"300\" height=\"225\" \/><\/a><\/p>\n<p>En un tres i no res ja estem creuant la bocana del port, rumb a l\u2019horitz\u00f3.\u00a0 Ens acompanyen durant uns minuts un parell de gavines juganeres que no saben si posar-se sobre l\u2019embarcaci\u00f3 auxiliar que portem, o capbussar-se al mar.<\/p>\n<p>Ha arribat el moment de pujar veles.\u00a0 Amb el motor encara en marxa, primer hissem la major amb el vent per proa, i despr\u00e9s el g\u00e8nova quan ja estem a rumb.<\/p>\n<p>Naveguem de cenyida, virant ara cap al sol que puja amunt tenyint el cel de groc intens, ara cap a terra, on l\u2019horitz\u00f3 de pins arriba a besar la mar.<\/p>\n<p>Remuntem el vent. Veiem la cala Fosca, S\u2019Alguer i Castell.\u00a0 Entrem en aquesta darrera cala, verda i rom\u00e0ntica.\u00a0 Un indret que encara no ha conegut la nostra m\u00e0 cosmopolita.\u00a0 Hi entrem fins veure-la de prop, virant al centre de la seva petita badia. Prenem nota d\u2019anar-hi per terra, el cam\u00ed de ronda que hi porta des d\u2019on hem embarcat, en poc m\u00e9s d\u2019una hora.<\/p>\n<p>Remuntem la costa per entre les illes Formigues; \u2018l\u2019Illa\u2019 \u00e9s un escull roc\u00f3s amb un petit far al capdamunt.<\/p>\n<p>Passat el Cap de Planes veiem Calella de Palafrugell, un poble costaner que des d\u2019on som es veu blanc, endre\u00e7at, amb les seves arcades vora el mar i l\u2019esgl\u00e9sia destacant per sobre les cases.<\/p>\n<p><a href=\"https:\/\/www.velanomada.com\/wp-content\/uploads\/P1050403.jpg\"><img decoding=\"async\" class=\"aligncenter size-medium wp-image-2524\" src=\"https:\/\/www.velanomada.com\/wp-content\/uploads\/P1050403-300x225.jpg\" sizes=\"(max-width: 300px) 100vw, 300px\" srcset=\"https:\/\/www.velanomada.com\/wp-content\/uploads\/P1050403-300x225.jpg 300w, https:\/\/www.velanomada.com\/wp-content\/uploads\/P1050403-1024x768.jpg 1024w, https:\/\/www.velanomada.com\/wp-content\/uploads\/P1050403-600x450.jpg 600w, https:\/\/www.velanomada.com\/wp-content\/uploads\/P1050403.jpg 1600w\" alt=\"P1050403\" width=\"300\" height=\"225\" \/><\/a><\/p>\n<p>M\u00e9s amunt, navegant, arribem al Cap de Sant Sebasti\u00e0, des d\u2019on albirem al nord el majestu\u00f3s Cap de Begur, gris i solitari.<\/p>\n<p>Passat Sant Sebasti\u00e0 sortim cap a fora, rumb al mar obert.\u00a0 El vent ha augmentat i es fa notar.\u00a0 Diuen que el vent puja amb el sol, i les ones amb el vent\u2026 Cenyim, el vaixell escora i cavalca sobre les onades.<\/p>\n<p>El patr\u00f3 ens regala un paisatge sorprenent: el Cap de Creus com a tel\u00f3 de fons, blau a la llunyania, i les illes Medes que trenquen el paisatge amb el seu color gris despullat.\u00a0 Les fotos de rigor i virem rumb a la cala d\u2019Aiguablava on fondejarem, no sense abans rebre una s\u00e8rie de petites remullades d\u2019aigua salada, fruit de tres onades m\u00e9s valentes que les altres.<\/p>\n<p>Hem portat el tim\u00f3 una estona cada u, i ara em toca a mi enfilar l\u2019entrada d\u2019Aiguablava.<\/p>\n<p>Fondegem, i poc a poc la vida torna a la normalitat. \u00a0Preparem el dinar, prenem el sol, llegim, alg\u00fa es capbussa al mar, dinem, un caf\u00e8 i un passeig per la platja.\u00a0 El temps transcorre f\u00e0cilment.<\/p>\n<p>Aiguablava \u00e9s una cala recollida, molt bonica, amb fantasioses formacions rocoses. Les cases dels estiuejants estan prou amagades entre els pins.\u00a0 A tramuntana hi ha Fornells, amb un petit port.<\/p>\n<p>Arriba el moment d\u2019aixecar l\u2019\u00e0ncora, ens preparem per a la navegaci\u00f3 de tornada.\u00a0 Arreglem el vaixell i sortim de la cala amb les veles al vent.<\/p>\n<p>Ara, amb el vent de popa, la navegaci\u00f3 \u00e9s molt diferent a la del mat\u00ed.\u00a0 El vaixell no escora i la sensaci\u00f3 de velocitat no \u00e9s tant acusada.\u00a0 Al vaixell hi regna un ambient c\u00e0lid d\u2019estiu.<\/p>\n<p>Despr\u00e9s de retrobar els paisatges coneguts fa poques hores, tornem cap a les dificultats d\u2019una vida segurament massa atrafegada, per\u00f2 amb la satisfacci\u00f3 d\u2019haver sentit i participat en una experi\u00e8ncia diferent i enriquidora.<\/p>\n<p>Ruta:<br \/>\nPalam\u00f3s<br \/>\nCap de Begur\u00a0\u00a0\u00a0\u00a0\u00a0\u00a0\u00a0\u00a0\u00a0\u00a0 10 milles<br \/>\nAiguablava\u00a0\u00a0\u00a0\u00a0\u00a0\u00a0\u00a0\u00a0\u00a0\u00a0\u00a0\u00a0\u00a0 + 2 milles<br \/>\nPalam\u00f3s\u00a0\u00a0\u00a0\u00a0\u00a0\u00a0\u00a0\u00a0\u00a0\u00a0\u00a0\u00a0\u00a0\u00a0\u00a0\u00a0\u00a0 + 8 milles<\/p>\n<\/div><div class=\"fusion-clearfix\"><\/div><\/div><\/div><\/div><\/div>\n","protected":false},"excerpt":{"rendered":"","protected":false},"author":1,"featured_media":0,"parent":3932,"menu_order":0,"comment_status":"closed","ping_status":"closed","template":"100-width.php","meta":{"footnotes":""},"class_list":["post-3964","page","type-page","status-publish","hentry"],"yoast_head":"<!-- This site is optimized with the Yoast SEO plugin v26.0 - https:\/\/yoast.com\/wordpress\/plugins\/seo\/ -->\n<title>Excursi\u00f3 d\u2019un dia en veler fins a Aiguablava - Vela N\u00f3mada<\/title>\n<meta name=\"robots\" content=\"index, follow, max-snippet:-1, max-image-preview:large, max-video-preview:-1\" \/>\n<link rel=\"canonical\" href=\"https:\/\/www.velanomada.com\/ca\/itineraris\/una-excursio-dun-dia-en-veler-fins-a-aiguablava\/\" \/>\n<meta property=\"og:locale\" content=\"ca_ES\" \/>\n<meta property=\"og:type\" content=\"article\" \/>\n<meta property=\"og:title\" content=\"Excursi\u00f3 d\u2019un dia en veler fins a Aiguablava - Vela N\u00f3mada\" \/>\n<meta property=\"og:url\" content=\"https:\/\/www.velanomada.com\/ca\/itineraris\/una-excursio-dun-dia-en-veler-fins-a-aiguablava\/\" \/>\n<meta property=\"og:site_name\" content=\"Vela N\u00f3mada\" \/>\n<meta property=\"article:publisher\" content=\"https:\/\/www.facebook.com\/Velanomada-142292805787320\/\" \/>\n<meta property=\"article:modified_time\" content=\"2020-04-26T13:47:40+00:00\" \/>\n<meta property=\"og:image\" content=\"https:\/\/www.velanomada.com\/wp-content\/uploads\/875_11407-300x225.jpg\" \/>\n<meta name=\"twitter:card\" content=\"summary_large_image\" \/>\n<meta name=\"twitter:label1\" content=\"Temps estimat de lectura\" \/>\n\t<meta name=\"twitter:data1\" content=\"6 minuts\" \/>\n<script type=\"application\/ld+json\" class=\"yoast-schema-graph\">{\"@context\":\"https:\/\/schema.org\",\"@graph\":[{\"@type\":\"WebPage\",\"@id\":\"https:\/\/www.velanomada.com\/ca\/itineraris\/una-excursio-dun-dia-en-veler-fins-a-aiguablava\/\",\"url\":\"https:\/\/www.velanomada.com\/ca\/itineraris\/una-excursio-dun-dia-en-veler-fins-a-aiguablava\/\",\"name\":\"Excursi\u00f3 d\u2019un dia en veler fins a Aiguablava - Vela N\u00f3mada\",\"isPartOf\":{\"@id\":\"https:\/\/www.velanomada.com\/ca\/#website\"},\"primaryImageOfPage\":{\"@id\":\"https:\/\/www.velanomada.com\/ca\/itineraris\/una-excursio-dun-dia-en-veler-fins-a-aiguablava\/#primaryimage\"},\"image\":{\"@id\":\"https:\/\/www.velanomada.com\/ca\/itineraris\/una-excursio-dun-dia-en-veler-fins-a-aiguablava\/#primaryimage\"},\"thumbnailUrl\":\"https:\/\/www.velanomada.com\/wp-content\/uploads\/875_11407-300x225.jpg\",\"datePublished\":\"2020-03-30T19:35:10+00:00\",\"dateModified\":\"2020-04-26T13:47:40+00:00\",\"breadcrumb\":{\"@id\":\"https:\/\/www.velanomada.com\/ca\/itineraris\/una-excursio-dun-dia-en-veler-fins-a-aiguablava\/#breadcrumb\"},\"inLanguage\":\"ca\",\"potentialAction\":[{\"@type\":\"ReadAction\",\"target\":[\"https:\/\/www.velanomada.com\/ca\/itineraris\/una-excursio-dun-dia-en-veler-fins-a-aiguablava\/\"]}]},{\"@type\":\"ImageObject\",\"inLanguage\":\"ca\",\"@id\":\"https:\/\/www.velanomada.com\/ca\/itineraris\/una-excursio-dun-dia-en-veler-fins-a-aiguablava\/#primaryimage\",\"url\":\"https:\/\/www.velanomada.com\/wp-content\/uploads\/875_11407-300x225.jpg\",\"contentUrl\":\"https:\/\/www.velanomada.com\/wp-content\/uploads\/875_11407-300x225.jpg\"},{\"@type\":\"BreadcrumbList\",\"@id\":\"https:\/\/www.velanomada.com\/ca\/itineraris\/una-excursio-dun-dia-en-veler-fins-a-aiguablava\/#breadcrumb\",\"itemListElement\":[{\"@type\":\"ListItem\",\"position\":1,\"name\":\"Portada\",\"item\":\"https:\/\/www.velanomada.com\/ca\/\"},{\"@type\":\"ListItem\",\"position\":2,\"name\":\"Itineraris\",\"item\":\"https:\/\/www.velanomada.com\/ca\/itinerarios\/\"},{\"@type\":\"ListItem\",\"position\":3,\"name\":\"Excursi\u00f3 d\u2019un dia en veler fins a Aiguablava\"}]},{\"@type\":\"WebSite\",\"@id\":\"https:\/\/www.velanomada.com\/ca\/#website\",\"url\":\"https:\/\/www.velanomada.com\/ca\/\",\"name\":\"Vela N\u00f3mada\",\"description\":\"Alquiler de veleros\",\"publisher\":{\"@id\":\"https:\/\/www.velanomada.com\/ca\/#organization\"},\"potentialAction\":[{\"@type\":\"SearchAction\",\"target\":{\"@type\":\"EntryPoint\",\"urlTemplate\":\"https:\/\/www.velanomada.com\/ca\/?s={search_term_string}\"},\"query-input\":{\"@type\":\"PropertyValueSpecification\",\"valueRequired\":true,\"valueName\":\"search_term_string\"}}],\"inLanguage\":\"ca\"},{\"@type\":\"Organization\",\"@id\":\"https:\/\/www.velanomada.com\/ca\/#organization\",\"name\":\"Vela Nomada\",\"url\":\"https:\/\/www.velanomada.com\/ca\/\",\"logo\":{\"@type\":\"ImageObject\",\"inLanguage\":\"ca\",\"@id\":\"https:\/\/www.velanomada.com\/ca\/#\/schema\/logo\/image\/\",\"url\":\"https:\/\/www.velanomada.com\/wp-content\/uploads\/2020\/04\/logo-vela-nomada-webx2.png\",\"contentUrl\":\"https:\/\/www.velanomada.com\/wp-content\/uploads\/2020\/04\/logo-vela-nomada-webx2.png\",\"width\":352,\"height\":152,\"caption\":\"Vela Nomada\"},\"image\":{\"@id\":\"https:\/\/www.velanomada.com\/ca\/#\/schema\/logo\/image\/\"},\"sameAs\":[\"https:\/\/www.facebook.com\/Velanomada-142292805787320\/\",\"https:\/\/www.instagram.com\/velanomadayachtcharter\/\",\"https:\/\/www.youtube.com\/channel\/UC1TivCY0taetRAF7USJqr-Q\"]}]}<\/script>\n<!-- \/ Yoast SEO plugin. -->","yoast_head_json":{"title":"Excursi\u00f3 d\u2019un dia en veler fins a Aiguablava - Vela N\u00f3mada","robots":{"index":"index","follow":"follow","max-snippet":"max-snippet:-1","max-image-preview":"max-image-preview:large","max-video-preview":"max-video-preview:-1"},"canonical":"https:\/\/www.velanomada.com\/ca\/itineraris\/una-excursio-dun-dia-en-veler-fins-a-aiguablava\/","og_locale":"ca_ES","og_type":"article","og_title":"Excursi\u00f3 d\u2019un dia en veler fins a Aiguablava - Vela N\u00f3mada","og_url":"https:\/\/www.velanomada.com\/ca\/itineraris\/una-excursio-dun-dia-en-veler-fins-a-aiguablava\/","og_site_name":"Vela N\u00f3mada","article_publisher":"https:\/\/www.facebook.com\/Velanomada-142292805787320\/","article_modified_time":"2020-04-26T13:47:40+00:00","og_image":[{"url":"https:\/\/www.velanomada.com\/wp-content\/uploads\/875_11407-300x225.jpg","type":"","width":"","height":""}],"twitter_card":"summary_large_image","twitter_misc":{"Temps estimat de lectura":"6 minuts"},"schema":{"@context":"https:\/\/schema.org","@graph":[{"@type":"WebPage","@id":"https:\/\/www.velanomada.com\/ca\/itineraris\/una-excursio-dun-dia-en-veler-fins-a-aiguablava\/","url":"https:\/\/www.velanomada.com\/ca\/itineraris\/una-excursio-dun-dia-en-veler-fins-a-aiguablava\/","name":"Excursi\u00f3 d\u2019un dia en veler fins a Aiguablava - Vela N\u00f3mada","isPartOf":{"@id":"https:\/\/www.velanomada.com\/ca\/#website"},"primaryImageOfPage":{"@id":"https:\/\/www.velanomada.com\/ca\/itineraris\/una-excursio-dun-dia-en-veler-fins-a-aiguablava\/#primaryimage"},"image":{"@id":"https:\/\/www.velanomada.com\/ca\/itineraris\/una-excursio-dun-dia-en-veler-fins-a-aiguablava\/#primaryimage"},"thumbnailUrl":"https:\/\/www.velanomada.com\/wp-content\/uploads\/875_11407-300x225.jpg","datePublished":"2020-03-30T19:35:10+00:00","dateModified":"2020-04-26T13:47:40+00:00","breadcrumb":{"@id":"https:\/\/www.velanomada.com\/ca\/itineraris\/una-excursio-dun-dia-en-veler-fins-a-aiguablava\/#breadcrumb"},"inLanguage":"ca","potentialAction":[{"@type":"ReadAction","target":["https:\/\/www.velanomada.com\/ca\/itineraris\/una-excursio-dun-dia-en-veler-fins-a-aiguablava\/"]}]},{"@type":"ImageObject","inLanguage":"ca","@id":"https:\/\/www.velanomada.com\/ca\/itineraris\/una-excursio-dun-dia-en-veler-fins-a-aiguablava\/#primaryimage","url":"https:\/\/www.velanomada.com\/wp-content\/uploads\/875_11407-300x225.jpg","contentUrl":"https:\/\/www.velanomada.com\/wp-content\/uploads\/875_11407-300x225.jpg"},{"@type":"BreadcrumbList","@id":"https:\/\/www.velanomada.com\/ca\/itineraris\/una-excursio-dun-dia-en-veler-fins-a-aiguablava\/#breadcrumb","itemListElement":[{"@type":"ListItem","position":1,"name":"Portada","item":"https:\/\/www.velanomada.com\/ca\/"},{"@type":"ListItem","position":2,"name":"Itineraris","item":"https:\/\/www.velanomada.com\/ca\/itinerarios\/"},{"@type":"ListItem","position":3,"name":"Excursi\u00f3 d\u2019un dia en veler fins a Aiguablava"}]},{"@type":"WebSite","@id":"https:\/\/www.velanomada.com\/ca\/#website","url":"https:\/\/www.velanomada.com\/ca\/","name":"Vela N\u00f3mada","description":"Alquiler de veleros","publisher":{"@id":"https:\/\/www.velanomada.com\/ca\/#organization"},"potentialAction":[{"@type":"SearchAction","target":{"@type":"EntryPoint","urlTemplate":"https:\/\/www.velanomada.com\/ca\/?s={search_term_string}"},"query-input":{"@type":"PropertyValueSpecification","valueRequired":true,"valueName":"search_term_string"}}],"inLanguage":"ca"},{"@type":"Organization","@id":"https:\/\/www.velanomada.com\/ca\/#organization","name":"Vela Nomada","url":"https:\/\/www.velanomada.com\/ca\/","logo":{"@type":"ImageObject","inLanguage":"ca","@id":"https:\/\/www.velanomada.com\/ca\/#\/schema\/logo\/image\/","url":"https:\/\/www.velanomada.com\/wp-content\/uploads\/2020\/04\/logo-vela-nomada-webx2.png","contentUrl":"https:\/\/www.velanomada.com\/wp-content\/uploads\/2020\/04\/logo-vela-nomada-webx2.png","width":352,"height":152,"caption":"Vela Nomada"},"image":{"@id":"https:\/\/www.velanomada.com\/ca\/#\/schema\/logo\/image\/"},"sameAs":["https:\/\/www.facebook.com\/Velanomada-142292805787320\/","https:\/\/www.instagram.com\/velanomadayachtcharter\/","https:\/\/www.youtube.com\/channel\/UC1TivCY0taetRAF7USJqr-Q"]}]}},"_links":{"self":[{"href":"https:\/\/www.velanomada.com\/ca\/wp-json\/wp\/v2\/pages\/3964","targetHints":{"allow":["GET"]}}],"collection":[{"href":"https:\/\/www.velanomada.com\/ca\/wp-json\/wp\/v2\/pages"}],"about":[{"href":"https:\/\/www.velanomada.com\/ca\/wp-json\/wp\/v2\/types\/page"}],"author":[{"embeddable":true,"href":"https:\/\/www.velanomada.com\/ca\/wp-json\/wp\/v2\/users\/1"}],"replies":[{"embeddable":true,"href":"https:\/\/www.velanomada.com\/ca\/wp-json\/wp\/v2\/comments?post=3964"}],"version-history":[{"count":3,"href":"https:\/\/www.velanomada.com\/ca\/wp-json\/wp\/v2\/pages\/3964\/revisions"}],"predecessor-version":[{"id":5013,"href":"https:\/\/www.velanomada.com\/ca\/wp-json\/wp\/v2\/pages\/3964\/revisions\/5013"}],"up":[{"embeddable":true,"href":"https:\/\/www.velanomada.com\/ca\/wp-json\/wp\/v2\/pages\/3932"}],"wp:attachment":[{"href":"https:\/\/www.velanomada.com\/ca\/wp-json\/wp\/v2\/media?parent=3964"}],"curies":[{"name":"wp","href":"https:\/\/api.w.org\/{rel}","templated":true}]}}