{"id":3962,"date":"2020-03-30T19:34:37","date_gmt":"2020-03-30T19:34:37","guid":{"rendered":"https:\/\/www.velanomada.com\/itineraris\/travessia-del-golf-de-lleo-a-vela\/"},"modified":"2020-03-30T19:34:38","modified_gmt":"2020-03-30T19:34:38","slug":"travessia-del-golf-de-lleo-a-vela","status":"publish","type":"page","link":"https:\/\/www.velanomada.com\/ca\/itineraris\/travessia-del-golf-de-lleo-a-vela\/","title":{"rendered":"Travessia del Golf de Lle\u00f3 a vela"},"content":{"rendered":"<div class=\"fusion-fullwidth fullwidth-box fusion-builder-row-1 nonhundred-percent-fullwidth non-hundred-percent-height-scrolling\" style=\"--awb-border-radius-top-left:0px;--awb-border-radius-top-right:0px;--awb-border-radius-bottom-right:0px;--awb-border-radius-bottom-left:0px;--awb-flex-wrap:wrap;\" ><div class=\"fusion-builder-row fusion-row\"><div class=\"fusion-layout-column fusion_builder_column fusion-builder-column-0 fusion_builder_column_1_1 1_1 fusion-one-full fusion-column-first fusion-column-last\" style=\"--awb-bg-size:cover;\"><div class=\"fusion-column-wrapper fusion-column-has-shadow fusion-flex-column-wrapper-legacy\"><div class=\"fusion-text fusion-text-1\"><h1 class=\"page-title\">Travessia del Golf de Lle\u00f3 a vela<\/h1>\n<p>Duraci\u00f3: Una setmana<br \/>\nDist\u00e0ncia recorreguda:\u00a0 320 milles<br \/>\nPalam\u00f3s \u2013 Br\u00e9gan\u00e7on \u2013 Golf de Lle\u00f3 \u2013 St. Tropez \u2013 Palam\u00f3s<\/p>\n<p><strong>Dimarts 23 de setembre de 2003<\/strong><\/p>\n<p>Ja ha arribat el dia tant esperat.\u00a0 S\u00f3n les 10 del mat\u00ed i estem tots preparats al moll del Port de Palam\u00f3s, per sortir a fer el Golf de Lle\u00f3.\u00a0 Em fa molta il\u00b7lusi\u00f3, no ho sabeu pas.\u00a0 El tant conegut Golf de Lle\u00f3, entre la gent de mar anomenat per les Mestralades que el visiten sovint.<\/p>\n<p>Doncs b\u00e9, la previsi\u00f3 de vent \u00e9s de Mestral for\u00e7a 6 pel mat\u00ed i baixant a 4-5 per la tarda i durant la nit.\u00a0 Tot fa pensar que el Golf ens fer\u00e0 honor a la seva reputaci\u00f3.<\/p>\n<p>Sortim a quarts de dotze.\u00a0 Tenim una tramuntana lleugera que ens fa cenyir amb rumb 64\u00ba cap a l\u2019illa de Porquerolles, a 160 milles.\u00a0 Ens preparem per la primera batzegada.<\/p>\n<p>Al cap de poques hores, el vent poc a poc va rolant a NW (Mestral) i va augmentant la seva for\u00e7a.\u00a0 Comen\u00e7a la festa.\u00a0 Ja \u00e9s migdia i mantenint el rumb, trimem les veles al desquartelar.\u00a0 El vaixell va com una locomotora.\u00a0 Fem 9 nusos de mitja amb puntes de 10 i 11.\u00a0 Portem ja dos rissos a la major i el g\u00e8nova for\u00e7a enrotllat sota un vent de 25 a 30 nusos, amb puntes de 35 nusos i una mar m\u00e9s aviat mogudeta\u2026<\/p>\n<p>La tarda la passem barallant-nos amb la roda del tim\u00f3 per a mantenir el vaixell a rumb.\u00a0 Aix\u00f2 no baixa, sin\u00f3 que el vent s\u2019estira.\u00a0 Comencem a dubtar de la previsi\u00f3.\u00a0 Alg\u00fa diu de donar la volta doncs la mar \u00e9s imponent.\u00a0 Hem entrat ja de ple al Golf.\u00a0 A la fi, no sense recan\u00e7a, decidim continuar.\u00a0 Totes les previsions ens diuen que el vent ha de baixar. Confiarem en la t\u00e8cnica dels meteor\u00f2legs i en el veler.<\/p>\n<p>Entra la nit. La lluita amb la roda del tim\u00f3 per mantenir el vaixell sota aquestes condicions \u00e9s constant, forta, implacable, per\u00f2 alhora et fa sentir viu, dins d\u2019aquest present dur i humit que hem escollit.\u00a0 S\u00f3n moments intensos que ben segur ens quedaran a la mem\u00f2ria per molt de temps.<\/p>\n<p><strong>Dimecres 24 de setembre de 2003<\/strong><\/p>\n<p>A primeres hores de la matinada la baixada de vent i de mar ja \u00e9s evident.\u00a0 Sort, doncs ja ten\u00edem els nostres dubtes!<\/p>\n<p>A partir d\u2019aqu\u00ed el vaixell ja molt m\u00e9s d\u00f2cil es deixa portar de meravella, tot i que fins aquest moment ha aguantat com un \u2018Javato\u2019.\u00a0 Passem la matinada navegant a tota castanya solcant una mar obscura com la gola del llop.<\/p>\n<p>Cap a les 2 h ja divisem els primers fars de la Proven\u00e7a.\u00a0 A les 5 del mat\u00ed, cansats, i amb una meteo de NE de for\u00e7a 6 \u2013 7 imminent prevista a la nostra zona, fondegem amb les primeres llums del dia a la badia de Br\u00e9gan\u00e7on.\u00a0 A dormir, que ja toca.<\/p>\n<p>Em llevo a mig mat\u00ed.\u00a0 Tothom dorm.\u00a0 El vaixell est\u00e0 fondejat en calma, la mar est\u00e0 plana com un mirall. No es sent ni un al\u00e8.\u00a0 Surto a fora i quedo extasiat del paisatge que ens envolta.\u00a0 Fins ara no ho havia vist doncs hem entrat amb molt poca llum.\u00a0 La zona \u00e9s com la cala Castell de Palam\u00f3s (sense urbanitzar) per\u00f2 10 o 20 vegades m\u00e9s gran.\u00a0 Hi ha un castell a llevant d\u2019on estem fondejats.\u00a0 Una l\u00ednia de costa arbrada, verda sense interrupcions envolta el vaixell.\u00a0 Realment hem anat a parar a un lloc molt bonic, molt.<\/p>\n<p>Despr\u00e9s de dinar anem a inspeccionar la costa amb la pneum\u00e0tica doncs el NE ja ha entrat i no tenim ganes de tornar a enfrontar-nos a un vent de 30 nusos de cara.<\/p>\n<p>Aix\u00f2 \u00e9s el parad\u00eds.\u00a0 Nom\u00e9s estem tres vaixells i un trimar\u00e0 de competici\u00f3 fondejats en una grandiosa badia, envoltada d\u2019una platja de sorra fina i amb una densa pineda al rerafons.\u00a0 Cal anar en compte, tot aix\u00f2 est\u00e0 ple d\u2019esculls; en veiem sobre tot a la zona de tramuntana i a ponent.<\/p>\n<p>La posta de sol \u2026 com ho diria \u2026 no ho s\u00e9.\u00a0 Un cel immaculat ens regala una posta de sol lenta, pausada i bonica.\u00a0 El NE ja va baixant.\u00a0 Preparem la sortida cap St. Tropez.<\/p>\n<p><strong>Dijous 25 de setembre de 2003<\/strong><\/p>\n<p>A les 5 de la matinada toca diana.\u00a0 Ens llevem i aixequem el fondeig dins la nit tranquil\u00b7la.\u00a0 Sortim guiats pel far de Cap B\u00e9nat i despr\u00e9s pel de Cap Camarat.<\/p>\n<p>Naveguem a vela.\u00a0 El dia es va aixecant a poc a poc.\u00a0 Lentament les illes de Port Cros i L\u00e9vant ens van quedant enrera per l\u2019aleta d\u2019estribord.\u00a0 El mat\u00ed \u00e9s assolellat i tranquil.\u00a0 Hi ha mar, per\u00f2 molt poc vent.<\/p>\n<p>Acabem entrant a motor a la badia de St. Tropez.\u00a0 El paisatge \u00e9s bonic, som a la Costa d\u2019Azur.\u00a0 Es veuen despuntar uns m\u00e0stils alt\u00edssims darrera l\u2019espig\u00f3 de protecci\u00f3 de St. Tropez.\u00a0 Anirem a veure\u2019ls.<\/p>\n<p>Passem la bocana de Port Grimaud a les 10 del mat\u00ed. Hem arribat.<\/p>\n<p><strong>Divendres 10 d\u2019octubre de 2003<\/strong><\/p>\n<p>Despr\u00e9s d\u2019uns dies (for\u00e7a dies) de festa, vent, molt de vent, i de coneixences, a les 5 de la matinada llarguem amarres de Port Grimaud i sortim per tornar cap a casa.\u00a0 \u00c9s negra nit i la son acompanya.\u00a0 Fa bon temps, una mica de mar de ponent que ens ve de proa, per\u00f2 poc vent.\u00a0 Anem a vela \u2013 motor durant tota l\u2019estona.<\/p>\n<p>Sense adonar-nos, ja a ple dia, tornem a estar en mans del Golf de Lle\u00f3, aquesta vegada per\u00f2 se\u2019ns presenta mansoi.<\/p>\n<p>Van passant les hores pl\u00e0cidament, una gu\u00e0rdia rera l\u2019altra sense m\u00e9s novetat que les hist\u00f2ries que ens anem explicant tots plegats.<\/p>\n<p>La posta de sol ens agafa a 75 milles de la costa.\u00a0 El sol es pon enc\u00e8s a l\u2019horitz\u00f3, en un cel tenyit de mil tonalitats ataronjades.\u00a0 Per l\u2019amura d\u2019estribord veiem clarament el Canig\u00f3, el nostre Canig\u00f3, ferm i catal\u00e0.\u00a0 La mar vista des del seu cim es fa estimar tant que ens hi ha portat.\u00a0 I des de la mar, els cims del Canig\u00f3 s\u00f3n la continuaci\u00f3 l\u00f2gica, ordenada, perfecte de la seva immensitat.\u00a0 Tant de bo que les nostres vides segueixin els camins de la pau que ens ha estat donant aquest cel i aquesta mar plaent.\u00a0\u00a0 La lluna ens ve a veure tant bon punt el sol ens acomiada; el vaixell navega, navega sense parar, com l\u2019univers. Ning\u00fa no ha dit res durant molta estona.\u00a0 No calia dir res.<\/p>\n<p><strong>Dissabte 11 d\u2019octubre de 2003<\/strong><\/p>\n<p>De matinada, distingint sota una nit de lluna plena els fars de la Costa Brava, ja coneguts despr\u00e9s de moltes nits compartides, entrem a Palam\u00f3s.\u00a0 Amarrem plens de viv\u00e8ncies, i amb el record del Golf de Lle\u00f3 a la butxaca.\u00a0 El Golf, ara, tamb\u00e9 ser\u00e0 una mica nostre.<\/p>\n<p>Quim Gispert<\/p>\n<\/div><div class=\"fusion-clearfix\"><\/div><\/div><\/div><\/div><\/div>\n","protected":false},"excerpt":{"rendered":"","protected":false},"author":1,"featured_media":0,"parent":3932,"menu_order":0,"comment_status":"closed","ping_status":"closed","template":"100-width.php","meta":{"footnotes":""},"class_list":["post-3962","page","type-page","status-publish","hentry"],"yoast_head":"<!-- This site is optimized with the Yoast SEO plugin v26.0 - https:\/\/yoast.com\/wordpress\/plugins\/seo\/ -->\n<title>Travessia del Golf de Lle\u00f3 a vela - Vela N\u00f3mada<\/title>\n<meta name=\"robots\" content=\"index, follow, max-snippet:-1, max-image-preview:large, max-video-preview:-1\" \/>\n<link rel=\"canonical\" href=\"https:\/\/www.velanomada.com\/ca\/itineraris\/travessia-del-golf-de-lleo-a-vela\/\" \/>\n<meta property=\"og:locale\" content=\"ca_ES\" \/>\n<meta property=\"og:type\" content=\"article\" \/>\n<meta property=\"og:title\" content=\"Travessia del Golf de Lle\u00f3 a vela - Vela N\u00f3mada\" \/>\n<meta property=\"og:url\" content=\"https:\/\/www.velanomada.com\/ca\/itineraris\/travessia-del-golf-de-lleo-a-vela\/\" \/>\n<meta property=\"og:site_name\" content=\"Vela N\u00f3mada\" \/>\n<meta property=\"article:publisher\" content=\"https:\/\/www.facebook.com\/Velanomada-142292805787320\/\" \/>\n<meta property=\"article:modified_time\" content=\"2020-03-30T19:34:38+00:00\" \/>\n<meta name=\"twitter:card\" content=\"summary_large_image\" \/>\n<meta name=\"twitter:label1\" content=\"Temps estimat de lectura\" \/>\n\t<meta name=\"twitter:data1\" content=\"8 minuts\" \/>\n<script type=\"application\/ld+json\" class=\"yoast-schema-graph\">{\"@context\":\"https:\/\/schema.org\",\"@graph\":[{\"@type\":\"WebPage\",\"@id\":\"https:\/\/www.velanomada.com\/ca\/itineraris\/travessia-del-golf-de-lleo-a-vela\/\",\"url\":\"https:\/\/www.velanomada.com\/ca\/itineraris\/travessia-del-golf-de-lleo-a-vela\/\",\"name\":\"Travessia del Golf de Lle\u00f3 a vela - Vela N\u00f3mada\",\"isPartOf\":{\"@id\":\"https:\/\/www.velanomada.com\/ca\/#website\"},\"datePublished\":\"2020-03-30T19:34:37+00:00\",\"dateModified\":\"2020-03-30T19:34:38+00:00\",\"breadcrumb\":{\"@id\":\"https:\/\/www.velanomada.com\/ca\/itineraris\/travessia-del-golf-de-lleo-a-vela\/#breadcrumb\"},\"inLanguage\":\"ca\",\"potentialAction\":[{\"@type\":\"ReadAction\",\"target\":[\"https:\/\/www.velanomada.com\/ca\/itineraris\/travessia-del-golf-de-lleo-a-vela\/\"]}]},{\"@type\":\"BreadcrumbList\",\"@id\":\"https:\/\/www.velanomada.com\/ca\/itineraris\/travessia-del-golf-de-lleo-a-vela\/#breadcrumb\",\"itemListElement\":[{\"@type\":\"ListItem\",\"position\":1,\"name\":\"Portada\",\"item\":\"https:\/\/www.velanomada.com\/ca\/\"},{\"@type\":\"ListItem\",\"position\":2,\"name\":\"Itineraris\",\"item\":\"https:\/\/www.velanomada.com\/ca\/itinerarios\/\"},{\"@type\":\"ListItem\",\"position\":3,\"name\":\"Travessia del Golf de Lle\u00f3 a vela\"}]},{\"@type\":\"WebSite\",\"@id\":\"https:\/\/www.velanomada.com\/ca\/#website\",\"url\":\"https:\/\/www.velanomada.com\/ca\/\",\"name\":\"Vela N\u00f3mada\",\"description\":\"Alquiler de veleros\",\"publisher\":{\"@id\":\"https:\/\/www.velanomada.com\/ca\/#organization\"},\"potentialAction\":[{\"@type\":\"SearchAction\",\"target\":{\"@type\":\"EntryPoint\",\"urlTemplate\":\"https:\/\/www.velanomada.com\/ca\/?s={search_term_string}\"},\"query-input\":{\"@type\":\"PropertyValueSpecification\",\"valueRequired\":true,\"valueName\":\"search_term_string\"}}],\"inLanguage\":\"ca\"},{\"@type\":\"Organization\",\"@id\":\"https:\/\/www.velanomada.com\/ca\/#organization\",\"name\":\"Vela Nomada\",\"url\":\"https:\/\/www.velanomada.com\/ca\/\",\"logo\":{\"@type\":\"ImageObject\",\"inLanguage\":\"ca\",\"@id\":\"https:\/\/www.velanomada.com\/ca\/#\/schema\/logo\/image\/\",\"url\":\"https:\/\/www.velanomada.com\/wp-content\/uploads\/2020\/04\/logo-vela-nomada-webx2.png\",\"contentUrl\":\"https:\/\/www.velanomada.com\/wp-content\/uploads\/2020\/04\/logo-vela-nomada-webx2.png\",\"width\":352,\"height\":152,\"caption\":\"Vela Nomada\"},\"image\":{\"@id\":\"https:\/\/www.velanomada.com\/ca\/#\/schema\/logo\/image\/\"},\"sameAs\":[\"https:\/\/www.facebook.com\/Velanomada-142292805787320\/\",\"https:\/\/www.instagram.com\/velanomadayachtcharter\/\",\"https:\/\/www.youtube.com\/channel\/UC1TivCY0taetRAF7USJqr-Q\"]}]}<\/script>\n<!-- \/ Yoast SEO plugin. -->","yoast_head_json":{"title":"Travessia del Golf de Lle\u00f3 a vela - Vela N\u00f3mada","robots":{"index":"index","follow":"follow","max-snippet":"max-snippet:-1","max-image-preview":"max-image-preview:large","max-video-preview":"max-video-preview:-1"},"canonical":"https:\/\/www.velanomada.com\/ca\/itineraris\/travessia-del-golf-de-lleo-a-vela\/","og_locale":"ca_ES","og_type":"article","og_title":"Travessia del Golf de Lle\u00f3 a vela - Vela N\u00f3mada","og_url":"https:\/\/www.velanomada.com\/ca\/itineraris\/travessia-del-golf-de-lleo-a-vela\/","og_site_name":"Vela N\u00f3mada","article_publisher":"https:\/\/www.facebook.com\/Velanomada-142292805787320\/","article_modified_time":"2020-03-30T19:34:38+00:00","twitter_card":"summary_large_image","twitter_misc":{"Temps estimat de lectura":"8 minuts"},"schema":{"@context":"https:\/\/schema.org","@graph":[{"@type":"WebPage","@id":"https:\/\/www.velanomada.com\/ca\/itineraris\/travessia-del-golf-de-lleo-a-vela\/","url":"https:\/\/www.velanomada.com\/ca\/itineraris\/travessia-del-golf-de-lleo-a-vela\/","name":"Travessia del Golf de Lle\u00f3 a vela - Vela N\u00f3mada","isPartOf":{"@id":"https:\/\/www.velanomada.com\/ca\/#website"},"datePublished":"2020-03-30T19:34:37+00:00","dateModified":"2020-03-30T19:34:38+00:00","breadcrumb":{"@id":"https:\/\/www.velanomada.com\/ca\/itineraris\/travessia-del-golf-de-lleo-a-vela\/#breadcrumb"},"inLanguage":"ca","potentialAction":[{"@type":"ReadAction","target":["https:\/\/www.velanomada.com\/ca\/itineraris\/travessia-del-golf-de-lleo-a-vela\/"]}]},{"@type":"BreadcrumbList","@id":"https:\/\/www.velanomada.com\/ca\/itineraris\/travessia-del-golf-de-lleo-a-vela\/#breadcrumb","itemListElement":[{"@type":"ListItem","position":1,"name":"Portada","item":"https:\/\/www.velanomada.com\/ca\/"},{"@type":"ListItem","position":2,"name":"Itineraris","item":"https:\/\/www.velanomada.com\/ca\/itinerarios\/"},{"@type":"ListItem","position":3,"name":"Travessia del Golf de Lle\u00f3 a vela"}]},{"@type":"WebSite","@id":"https:\/\/www.velanomada.com\/ca\/#website","url":"https:\/\/www.velanomada.com\/ca\/","name":"Vela N\u00f3mada","description":"Alquiler de veleros","publisher":{"@id":"https:\/\/www.velanomada.com\/ca\/#organization"},"potentialAction":[{"@type":"SearchAction","target":{"@type":"EntryPoint","urlTemplate":"https:\/\/www.velanomada.com\/ca\/?s={search_term_string}"},"query-input":{"@type":"PropertyValueSpecification","valueRequired":true,"valueName":"search_term_string"}}],"inLanguage":"ca"},{"@type":"Organization","@id":"https:\/\/www.velanomada.com\/ca\/#organization","name":"Vela Nomada","url":"https:\/\/www.velanomada.com\/ca\/","logo":{"@type":"ImageObject","inLanguage":"ca","@id":"https:\/\/www.velanomada.com\/ca\/#\/schema\/logo\/image\/","url":"https:\/\/www.velanomada.com\/wp-content\/uploads\/2020\/04\/logo-vela-nomada-webx2.png","contentUrl":"https:\/\/www.velanomada.com\/wp-content\/uploads\/2020\/04\/logo-vela-nomada-webx2.png","width":352,"height":152,"caption":"Vela Nomada"},"image":{"@id":"https:\/\/www.velanomada.com\/ca\/#\/schema\/logo\/image\/"},"sameAs":["https:\/\/www.facebook.com\/Velanomada-142292805787320\/","https:\/\/www.instagram.com\/velanomadayachtcharter\/","https:\/\/www.youtube.com\/channel\/UC1TivCY0taetRAF7USJqr-Q"]}]}},"_links":{"self":[{"href":"https:\/\/www.velanomada.com\/ca\/wp-json\/wp\/v2\/pages\/3962","targetHints":{"allow":["GET"]}}],"collection":[{"href":"https:\/\/www.velanomada.com\/ca\/wp-json\/wp\/v2\/pages"}],"about":[{"href":"https:\/\/www.velanomada.com\/ca\/wp-json\/wp\/v2\/types\/page"}],"author":[{"embeddable":true,"href":"https:\/\/www.velanomada.com\/ca\/wp-json\/wp\/v2\/users\/1"}],"replies":[{"embeddable":true,"href":"https:\/\/www.velanomada.com\/ca\/wp-json\/wp\/v2\/comments?post=3962"}],"version-history":[{"count":1,"href":"https:\/\/www.velanomada.com\/ca\/wp-json\/wp\/v2\/pages\/3962\/revisions"}],"predecessor-version":[{"id":3963,"href":"https:\/\/www.velanomada.com\/ca\/wp-json\/wp\/v2\/pages\/3962\/revisions\/3963"}],"up":[{"embeddable":true,"href":"https:\/\/www.velanomada.com\/ca\/wp-json\/wp\/v2\/pages\/3932"}],"wp:attachment":[{"href":"https:\/\/www.velanomada.com\/ca\/wp-json\/wp\/v2\/media?parent=3962"}],"curies":[{"name":"wp","href":"https:\/\/api.w.org\/{rel}","templated":true}]}}