{"id":3956,"date":"2020-03-30T19:31:31","date_gmt":"2020-03-30T19:31:31","guid":{"rendered":"https:\/\/www.velanomada.com\/itineraris\/palamos-cadaques\/"},"modified":"2020-04-26T11:18:58","modified_gmt":"2020-04-26T11:18:58","slug":"palamos-cadaques","status":"publish","type":"page","link":"https:\/\/www.velanomada.com\/ca\/itineraris\/palamos-cadaques\/","title":{"rendered":"Palam\u00f3s \u2013 Cadaqu\u00e9s"},"content":{"rendered":"<div class=\"fusion-fullwidth fullwidth-box fusion-builder-row-1 nonhundred-percent-fullwidth non-hundred-percent-height-scrolling\" style=\"--awb-border-radius-top-left:0px;--awb-border-radius-top-right:0px;--awb-border-radius-bottom-right:0px;--awb-border-radius-bottom-left:0px;--awb-flex-wrap:wrap;\" ><div class=\"fusion-builder-row fusion-row\"><div class=\"fusion-layout-column fusion_builder_column fusion-builder-column-0 fusion_builder_column_1_1 1_1 fusion-one-full fusion-column-first fusion-column-last\" style=\"--awb-bg-size:cover;\"><div class=\"fusion-column-wrapper fusion-column-has-shadow fusion-flex-column-wrapper-legacy\"><div class=\"fusion-text fusion-text-1\"><h1 class=\"page-title\">Palam\u00f3s \u2013 Cadaqu\u00e9s<\/h1>\n<h2>Cap de setmana navegant en un vaixell de vela: Costa Brava i el Cap de Creus.<br \/>\nDurada: 2 o 3 dies<br \/>\nDist\u00e0ncia recorreguda: 70 milles<\/h2>\n<p><strong>Ruta en vaixell de vela:<\/strong><br \/>\nPalam\u00f3s \u2013 Illes Medes: 15 milles<br \/>\nIlles Medes \u2013 Roses: 12 milles<br \/>\nRoses \u2013 Cadaqu\u00e9s: 4 milles<br \/>\nCadaqu\u00e9s \u2013 Cap de Creus: 3 milles<br \/>\nCap de Creus \u2013 Palam\u00f3s: 34 milles<\/p>\n<p><a href=\"https:\/\/www.velanomada.com\/wp-content\/uploads\/it_cadaques.jpg\"><img decoding=\"async\" class=\"aligncenter size-full wp-image-714\" title=\"it_cadaques\" src=\"https:\/\/www.velanomada.com\/wp-content\/uploads\/it_cadaques.jpg\" sizes=\"(max-width: 600px) 100vw, 600px\" srcset=\"https:\/\/www.velanomada.com\/wp-content\/uploads\/it_cadaques.jpg 600w, https:\/\/www.velanomada.com\/wp-content\/uploads\/it_cadaques-300x225.jpg 300w\" alt=\"\" width=\"98%\" height=\"450\" \/><\/a><\/p>\n<p>Us presentem un itinerari mar\u00edtim per passar-s\u2019ho b\u00e9 i aprofundir en el coneixement de la Costa Brava i el Cap de Creus.<\/p>\n<p>La navegaci\u00f3 comen\u00e7a a Palam\u00f3s, acollidora vila marinera amb una de les flotes de pesca m\u00e9s importants d\u2019aquesta zona de la costa.<\/p>\n<p>Remuntarem cap al nord resseguint la costa que Josep Pla tant estimava.<\/p>\n<p>De Palam\u00f3s per la cala Fosca, cala Castell i cap de Planes, amb les illes Formigues mar endins, arribarem fins a Calella de Palafrugell, que ens ofereix un suggerent paisatge de poble de pescadors emmarcat entre mar i muntanya.<\/p>\n<p>Passat el cap de Sant Sebasti\u00e0 ens endinsem ja a la zona litoral de les cales de Begur: Aiguablava, Fornells, Sa Tuna, Aiguafreda i Sa Riera, passat el Cap Negre. Cales envoltades del paisatge m\u00e9s prestigi\u00f3s de la Costa Brava, amb forts contrastos entre terra i mar. Aspror dels penya-segats precipitant-se al mar. Delicadesa de les ones acaronant la sorra del fons de la cala. Un fondeig a qualsevol d\u2019aquestes cales ens far\u00e0 passar una agradable estona de sol i placidesa. Ens endinsarem tamb\u00e9 a la Cova d\u2019en Gispert, alta i profunda, amb el fons de sorra blanca que la fa clara i canviant.<\/p>\n<p>A partir de Sa Riera, s\u2019obre la platja de Pals tancada al nord per les illes Medes. S\u00f3n quatre milles de platja sorrenca dividida per la desembocadura del riu Ter.<\/p>\n<p>Les illes Medes formen un parc natural mar\u00edtim d\u2019excepci\u00f3, sobre tot per la seva riquesa submarina. S\u00f3n, en la seva soledat, un pa\u00eds de gavines i aus marines (a 3 \u2013 4 hores de navegaci\u00f3 des de Palam\u00f3s).<\/p>\n<p><a href=\"https:\/\/www.velanomada.com\/wp-content\/uploads\/Cap-Creus-165.jpg\"><img decoding=\"async\" class=\"aligncenter  wp-image-1223\" title=\"Illes Medes\" src=\"https:\/\/www.velanomada.com\/wp-content\/uploads\/Cap-Creus-165-300x224.jpg\" sizes=\"(max-width: 300px) 100vw, 300px\" srcset=\"https:\/\/www.velanomada.com\/wp-content\/uploads\/Cap-Creus-165-300x224.jpg 300w, https:\/\/www.velanomada.com\/wp-content\/uploads\/Cap-Creus-165.jpg 448w\" alt=\"\" width=\"327\" height=\"244\" \/><\/a><\/p>\n<p>Des d\u2019aqu\u00ed fins a Cala Montg\u00f3, la costa pren un caire escarpat i dif\u00edcil, ple de penya-segats grisosos i imponents que la fan diferent de la resta.<\/p>\n<p>Passada cala Montg\u00f3 (de 5 a 6 hores des de Palam\u00f3s), arribem a l\u2019Escala. Ara, al Golf de Roses, el litoral recupera les suavitats sorrenques. El golf \u00e9s immens, enquadrat entre les muntanyes del Canig\u00f3 a babord i el cap Norfeu a estribord.<\/p>\n<p>Al capdamunt del Golf hi trobem Roses, un important port de pescadors i un lloc ideal per a fer-hi nit (de 7 a 8 hores des de Palam\u00f3s, 35 milles).<\/p>\n<p>Sortint de Roses, arribarem a l\u2019aspra i fant\u00e0stica geografia del Cap de Creus, ple de cales on trobarem fondejos aptes per a la majoria dels vents, amb zones submarines molt boniques.<\/p>\n<p>Per cala Montjoi, la Pelosa i el Cap Norfeu arribarem a Cala J\u00fancols, molt bonica i adient per passar-hi una estona.<\/p>\n<p>Sortint de cala J\u00fancols navegarem fins a Cadaqu\u00e9s, un bon port natural on podrem gaudir de llargues passejades pels seus sinuosos carrers.<\/p>\n<p><a href=\"https:\/\/www.velanomada.com\/wp-content\/uploads\/it_capcreus.jpg\"><img decoding=\"async\" class=\"aligncenter  wp-image-721\" title=\"it_capcreus\" src=\"https:\/\/www.velanomada.com\/wp-content\/uploads\/it_capcreus.jpg\" sizes=\"(max-width: 600px) 100vw, 600px\" srcset=\"https:\/\/www.velanomada.com\/wp-content\/uploads\/it_capcreus.jpg 600w, https:\/\/www.velanomada.com\/wp-content\/uploads\/it_capcreus-300x225.jpg 300w\" alt=\"\" width=\"305\" height=\"229\" \/><\/a><\/p>\n<p>Un xic m\u00e9s amunt encara, dins de la badia de Portlligat trobarem els paisatges on tantes vegades el c\u00e8lebre pintor Salvador Dal\u00ed va trobar la inspiraci\u00f3.<\/p>\n<p>Despr\u00e9s d\u2019una curta navegaci\u00f3 de poc m\u00e9s d\u2019una hora passarem el Cap de Creus, que amb l\u2019illot de la Massa d\u2019Oros, forma la punta extrema de llevant del nostre litoral, lloc on les muntanyes dels Pirineus s\u2019enfonsen al mar.<\/p>\n<p>A partir d\u2019aqu\u00ed s\u2019obre l\u2019immens panorama del Golf de Lle\u00f3.<\/p>\n<p>La primera cala despr\u00e9s del Cap de Creus \u00e9s cala Culip, on despr\u00e9s d\u2019una bonica excursi\u00f3 a peu, trobarem el far i la cova de l\u2019Infern, un profund i fosc esvoranc a l\u2019extrem del penya-segat.<\/p>\n<p><a href=\"https:\/\/www.velanomada.com\/wp-content\/uploads\/Cap-Creus-1471.jpg\"><img decoding=\"async\" class=\"aligncenter wp-image-1227\" title=\"Cala Culip\" src=\"https:\/\/www.velanomada.com\/wp-content\/uploads\/Cap-Creus-1471-300x224.jpg\" sizes=\"(max-width: 300px) 100vw, 300px\" srcset=\"https:\/\/www.velanomada.com\/wp-content\/uploads\/Cap-Creus-1471-300x224.jpg 300w, https:\/\/www.velanomada.com\/wp-content\/uploads\/Cap-Creus-1471.jpg 448w\" alt=\"\" width=\"300\" height=\"224\" \/><\/a><\/p>\n<p>Per Llan\u00e7\u00e0, Port de la Selva i Portbou, albirant un rocam negre i agressiu, podem arribar ja a la costa del Rossell\u00f3.<\/p>\n<p>Des d\u2019ac\u00ed podem escollir entre continuar amunt i amunt, fins a assedegar-nos de noves sensacions i viv\u00e8ncies, o tornar a Palam\u00f3s, satisfets, esperant una altra ocasi\u00f3 per visitar el nostre petit m\u00f3n, anomenat la Costa Brava, on els pins s\u2019aferren a la terra i arriben fins a la vora del mar.<\/p>\n<\/div><div class=\"fusion-clearfix\"><\/div><\/div><\/div><\/div><\/div>\n","protected":false},"excerpt":{"rendered":"","protected":false},"author":1,"featured_media":3119,"parent":3932,"menu_order":0,"comment_status":"closed","ping_status":"closed","template":"100-width.php","meta":{"footnotes":""},"class_list":["post-3956","page","type-page","status-publish","has-post-thumbnail","hentry"],"yoast_head":"<!-- This site is optimized with the Yoast SEO plugin v26.0 - https:\/\/yoast.com\/wordpress\/plugins\/seo\/ -->\n<title>Palam\u00f3s \u2013 Cadaqu\u00e9s - Vela N\u00f3mada<\/title>\n<meta name=\"robots\" content=\"index, follow, max-snippet:-1, max-image-preview:large, max-video-preview:-1\" \/>\n<link rel=\"canonical\" href=\"https:\/\/www.velanomada.com\/ca\/itineraris\/palamos-cadaques\/\" \/>\n<meta property=\"og:locale\" content=\"ca_ES\" \/>\n<meta property=\"og:type\" content=\"article\" \/>\n<meta property=\"og:title\" content=\"Palam\u00f3s \u2013 Cadaqu\u00e9s - Vela N\u00f3mada\" \/>\n<meta property=\"og:url\" content=\"https:\/\/www.velanomada.com\/ca\/itineraris\/palamos-cadaques\/\" \/>\n<meta property=\"og:site_name\" content=\"Vela N\u00f3mada\" \/>\n<meta property=\"article:publisher\" content=\"https:\/\/www.facebook.com\/Velanomada-142292805787320\/\" \/>\n<meta property=\"article:modified_time\" content=\"2020-04-26T11:18:58+00:00\" \/>\n<meta property=\"og:image\" content=\"https:\/\/www.velanomada.com\/wp-content\/uploads\/2020\/03\/cadaques-velero.jpg\" \/>\n\t<meta property=\"og:image:width\" content=\"1600\" \/>\n\t<meta property=\"og:image:height\" content=\"500\" \/>\n\t<meta property=\"og:image:type\" content=\"image\/jpeg\" \/>\n<meta name=\"twitter:card\" content=\"summary_large_image\" \/>\n<meta name=\"twitter:label1\" content=\"Temps estimat de lectura\" \/>\n\t<meta name=\"twitter:data1\" content=\"6 minuts\" \/>\n<script type=\"application\/ld+json\" class=\"yoast-schema-graph\">{\"@context\":\"https:\/\/schema.org\",\"@graph\":[{\"@type\":\"WebPage\",\"@id\":\"https:\/\/www.velanomada.com\/ca\/itineraris\/palamos-cadaques\/\",\"url\":\"https:\/\/www.velanomada.com\/ca\/itineraris\/palamos-cadaques\/\",\"name\":\"Palam\u00f3s \u2013 Cadaqu\u00e9s - Vela N\u00f3mada\",\"isPartOf\":{\"@id\":\"https:\/\/www.velanomada.com\/ca\/#website\"},\"primaryImageOfPage\":{\"@id\":\"https:\/\/www.velanomada.com\/ca\/itineraris\/palamos-cadaques\/#primaryimage\"},\"image\":{\"@id\":\"https:\/\/www.velanomada.com\/ca\/itineraris\/palamos-cadaques\/#primaryimage\"},\"thumbnailUrl\":\"https:\/\/www.velanomada.com\/wp-content\/uploads\/2020\/03\/cadaques-velero.jpg\",\"datePublished\":\"2020-03-30T19:31:31+00:00\",\"dateModified\":\"2020-04-26T11:18:58+00:00\",\"breadcrumb\":{\"@id\":\"https:\/\/www.velanomada.com\/ca\/itineraris\/palamos-cadaques\/#breadcrumb\"},\"inLanguage\":\"ca\",\"potentialAction\":[{\"@type\":\"ReadAction\",\"target\":[\"https:\/\/www.velanomada.com\/ca\/itineraris\/palamos-cadaques\/\"]}]},{\"@type\":\"ImageObject\",\"inLanguage\":\"ca\",\"@id\":\"https:\/\/www.velanomada.com\/ca\/itineraris\/palamos-cadaques\/#primaryimage\",\"url\":\"https:\/\/www.velanomada.com\/wp-content\/uploads\/2020\/03\/cadaques-velero.jpg\",\"contentUrl\":\"https:\/\/www.velanomada.com\/wp-content\/uploads\/2020\/03\/cadaques-velero.jpg\",\"width\":1600,\"height\":500},{\"@type\":\"BreadcrumbList\",\"@id\":\"https:\/\/www.velanomada.com\/ca\/itineraris\/palamos-cadaques\/#breadcrumb\",\"itemListElement\":[{\"@type\":\"ListItem\",\"position\":1,\"name\":\"Portada\",\"item\":\"https:\/\/www.velanomada.com\/ca\/\"},{\"@type\":\"ListItem\",\"position\":2,\"name\":\"Itineraris\",\"item\":\"https:\/\/www.velanomada.com\/ca\/itinerarios\/\"},{\"@type\":\"ListItem\",\"position\":3,\"name\":\"Palam\u00f3s \u2013 Cadaqu\u00e9s\"}]},{\"@type\":\"WebSite\",\"@id\":\"https:\/\/www.velanomada.com\/ca\/#website\",\"url\":\"https:\/\/www.velanomada.com\/ca\/\",\"name\":\"Vela N\u00f3mada\",\"description\":\"Alquiler de veleros\",\"publisher\":{\"@id\":\"https:\/\/www.velanomada.com\/ca\/#organization\"},\"potentialAction\":[{\"@type\":\"SearchAction\",\"target\":{\"@type\":\"EntryPoint\",\"urlTemplate\":\"https:\/\/www.velanomada.com\/ca\/?s={search_term_string}\"},\"query-input\":{\"@type\":\"PropertyValueSpecification\",\"valueRequired\":true,\"valueName\":\"search_term_string\"}}],\"inLanguage\":\"ca\"},{\"@type\":\"Organization\",\"@id\":\"https:\/\/www.velanomada.com\/ca\/#organization\",\"name\":\"Vela Nomada\",\"url\":\"https:\/\/www.velanomada.com\/ca\/\",\"logo\":{\"@type\":\"ImageObject\",\"inLanguage\":\"ca\",\"@id\":\"https:\/\/www.velanomada.com\/ca\/#\/schema\/logo\/image\/\",\"url\":\"https:\/\/www.velanomada.com\/wp-content\/uploads\/2020\/04\/logo-vela-nomada-webx2.png\",\"contentUrl\":\"https:\/\/www.velanomada.com\/wp-content\/uploads\/2020\/04\/logo-vela-nomada-webx2.png\",\"width\":352,\"height\":152,\"caption\":\"Vela Nomada\"},\"image\":{\"@id\":\"https:\/\/www.velanomada.com\/ca\/#\/schema\/logo\/image\/\"},\"sameAs\":[\"https:\/\/www.facebook.com\/Velanomada-142292805787320\/\",\"https:\/\/www.instagram.com\/velanomadayachtcharter\/\",\"https:\/\/www.youtube.com\/channel\/UC1TivCY0taetRAF7USJqr-Q\"]}]}<\/script>\n<!-- \/ Yoast SEO plugin. -->","yoast_head_json":{"title":"Palam\u00f3s \u2013 Cadaqu\u00e9s - Vela N\u00f3mada","robots":{"index":"index","follow":"follow","max-snippet":"max-snippet:-1","max-image-preview":"max-image-preview:large","max-video-preview":"max-video-preview:-1"},"canonical":"https:\/\/www.velanomada.com\/ca\/itineraris\/palamos-cadaques\/","og_locale":"ca_ES","og_type":"article","og_title":"Palam\u00f3s \u2013 Cadaqu\u00e9s - Vela N\u00f3mada","og_url":"https:\/\/www.velanomada.com\/ca\/itineraris\/palamos-cadaques\/","og_site_name":"Vela N\u00f3mada","article_publisher":"https:\/\/www.facebook.com\/Velanomada-142292805787320\/","article_modified_time":"2020-04-26T11:18:58+00:00","og_image":[{"width":1600,"height":500,"url":"https:\/\/www.velanomada.com\/wp-content\/uploads\/2020\/03\/cadaques-velero.jpg","type":"image\/jpeg"}],"twitter_card":"summary_large_image","twitter_misc":{"Temps estimat de lectura":"6 minuts"},"schema":{"@context":"https:\/\/schema.org","@graph":[{"@type":"WebPage","@id":"https:\/\/www.velanomada.com\/ca\/itineraris\/palamos-cadaques\/","url":"https:\/\/www.velanomada.com\/ca\/itineraris\/palamos-cadaques\/","name":"Palam\u00f3s \u2013 Cadaqu\u00e9s - Vela N\u00f3mada","isPartOf":{"@id":"https:\/\/www.velanomada.com\/ca\/#website"},"primaryImageOfPage":{"@id":"https:\/\/www.velanomada.com\/ca\/itineraris\/palamos-cadaques\/#primaryimage"},"image":{"@id":"https:\/\/www.velanomada.com\/ca\/itineraris\/palamos-cadaques\/#primaryimage"},"thumbnailUrl":"https:\/\/www.velanomada.com\/wp-content\/uploads\/2020\/03\/cadaques-velero.jpg","datePublished":"2020-03-30T19:31:31+00:00","dateModified":"2020-04-26T11:18:58+00:00","breadcrumb":{"@id":"https:\/\/www.velanomada.com\/ca\/itineraris\/palamos-cadaques\/#breadcrumb"},"inLanguage":"ca","potentialAction":[{"@type":"ReadAction","target":["https:\/\/www.velanomada.com\/ca\/itineraris\/palamos-cadaques\/"]}]},{"@type":"ImageObject","inLanguage":"ca","@id":"https:\/\/www.velanomada.com\/ca\/itineraris\/palamos-cadaques\/#primaryimage","url":"https:\/\/www.velanomada.com\/wp-content\/uploads\/2020\/03\/cadaques-velero.jpg","contentUrl":"https:\/\/www.velanomada.com\/wp-content\/uploads\/2020\/03\/cadaques-velero.jpg","width":1600,"height":500},{"@type":"BreadcrumbList","@id":"https:\/\/www.velanomada.com\/ca\/itineraris\/palamos-cadaques\/#breadcrumb","itemListElement":[{"@type":"ListItem","position":1,"name":"Portada","item":"https:\/\/www.velanomada.com\/ca\/"},{"@type":"ListItem","position":2,"name":"Itineraris","item":"https:\/\/www.velanomada.com\/ca\/itinerarios\/"},{"@type":"ListItem","position":3,"name":"Palam\u00f3s \u2013 Cadaqu\u00e9s"}]},{"@type":"WebSite","@id":"https:\/\/www.velanomada.com\/ca\/#website","url":"https:\/\/www.velanomada.com\/ca\/","name":"Vela N\u00f3mada","description":"Alquiler de veleros","publisher":{"@id":"https:\/\/www.velanomada.com\/ca\/#organization"},"potentialAction":[{"@type":"SearchAction","target":{"@type":"EntryPoint","urlTemplate":"https:\/\/www.velanomada.com\/ca\/?s={search_term_string}"},"query-input":{"@type":"PropertyValueSpecification","valueRequired":true,"valueName":"search_term_string"}}],"inLanguage":"ca"},{"@type":"Organization","@id":"https:\/\/www.velanomada.com\/ca\/#organization","name":"Vela Nomada","url":"https:\/\/www.velanomada.com\/ca\/","logo":{"@type":"ImageObject","inLanguage":"ca","@id":"https:\/\/www.velanomada.com\/ca\/#\/schema\/logo\/image\/","url":"https:\/\/www.velanomada.com\/wp-content\/uploads\/2020\/04\/logo-vela-nomada-webx2.png","contentUrl":"https:\/\/www.velanomada.com\/wp-content\/uploads\/2020\/04\/logo-vela-nomada-webx2.png","width":352,"height":152,"caption":"Vela Nomada"},"image":{"@id":"https:\/\/www.velanomada.com\/ca\/#\/schema\/logo\/image\/"},"sameAs":["https:\/\/www.facebook.com\/Velanomada-142292805787320\/","https:\/\/www.instagram.com\/velanomadayachtcharter\/","https:\/\/www.youtube.com\/channel\/UC1TivCY0taetRAF7USJqr-Q"]}]}},"_links":{"self":[{"href":"https:\/\/www.velanomada.com\/ca\/wp-json\/wp\/v2\/pages\/3956","targetHints":{"allow":["GET"]}}],"collection":[{"href":"https:\/\/www.velanomada.com\/ca\/wp-json\/wp\/v2\/pages"}],"about":[{"href":"https:\/\/www.velanomada.com\/ca\/wp-json\/wp\/v2\/types\/page"}],"author":[{"embeddable":true,"href":"https:\/\/www.velanomada.com\/ca\/wp-json\/wp\/v2\/users\/1"}],"replies":[{"embeddable":true,"href":"https:\/\/www.velanomada.com\/ca\/wp-json\/wp\/v2\/comments?post=3956"}],"version-history":[{"count":3,"href":"https:\/\/www.velanomada.com\/ca\/wp-json\/wp\/v2\/pages\/3956\/revisions"}],"predecessor-version":[{"id":5005,"href":"https:\/\/www.velanomada.com\/ca\/wp-json\/wp\/v2\/pages\/3956\/revisions\/5005"}],"up":[{"embeddable":true,"href":"https:\/\/www.velanomada.com\/ca\/wp-json\/wp\/v2\/pages\/3932"}],"wp:featuredmedia":[{"embeddable":true,"href":"https:\/\/www.velanomada.com\/ca\/wp-json\/wp\/v2\/media\/3119"}],"wp:attachment":[{"href":"https:\/\/www.velanomada.com\/ca\/wp-json\/wp\/v2\/media?parent=3956"}],"curies":[{"name":"wp","href":"https:\/\/api.w.org\/{rel}","templated":true}]}}