{"id":3948,"date":"2020-03-30T19:28:20","date_gmt":"2020-03-30T19:28:20","guid":{"rendered":"https:\/\/www.velanomada.com\/itineraris\/la-llosa-cala-castell\/"},"modified":"2020-04-26T10:33:01","modified_gmt":"2020-04-26T10:33:01","slug":"la-llosa-cala-castell","status":"publish","type":"page","link":"https:\/\/www.velanomada.com\/ca\/itineraris\/la-llosa-cala-castell\/","title":{"rendered":"La Llosa \u2013 Cala Castell"},"content":{"rendered":"<div class=\"fusion-fullwidth fullwidth-box fusion-builder-row-1 nonhundred-percent-fullwidth non-hundred-percent-height-scrolling\" style=\"--awb-border-radius-top-left:0px;--awb-border-radius-top-right:0px;--awb-border-radius-bottom-right:0px;--awb-border-radius-bottom-left:0px;--awb-flex-wrap:wrap;\" ><div class=\"fusion-builder-row fusion-row\"><div class=\"fusion-layout-column fusion_builder_column fusion-builder-column-0 fusion_builder_column_1_1 1_1 fusion-one-full fusion-column-first fusion-column-last\" style=\"--awb-bg-size:cover;--awb-margin-bottom:0px;\"><div class=\"fusion-column-wrapper fusion-flex-column-wrapper-legacy\"><div class=\"fusion-text fusion-text-1\"><h1 class=\"page-title\">La Llosa \u2013 Cala Castell<\/h1>\n<h2>Sortida molt adequada per a la navegaci\u00f3 en veler durant l\u2019hivern o la primavera.<br \/>\nDurada de la navegaci\u00f3: mig dia<\/h2>\n<p><a href=\"https:\/\/www.velanomada.com\/wp-content\/uploads\/it_llosa.jpg\"><img decoding=\"async\" class=\"aligncenter size-full wp-image-709\" title=\"it_llosa\" src=\"https:\/\/www.velanomada.com\/wp-content\/uploads\/it_llosa.jpg\" alt=\"\" width=\"285\" height=\"214\" \/><\/a><\/p>\n<p>Ara a l\u2019hivern i durant la primavera, us proposem una sortida d\u2019un mat\u00ed de navegaci\u00f3 a vela, molt adequada per a aquestes \u00e8poques.<\/p>\n<p>\u00c9s en dies assolellats, fora de la calitja d\u2019estiu, quan trobarem una atmosfera n\u00edtida i transparent que ens mostrar\u00e0 el litoral tal com \u00e9s.<\/p>\n<p>Havent esmorzat a algun dels restaurants de la zona, sortirem als volts de les 10 del mat\u00ed.<\/p>\n<p>D&#8217;entrada farem rumb sud-oest a oest fins a creuar tota la badia de Palam\u00f3s, des d\u2019on veurem el port de pescadors amb el campanar al fons.<\/p>\n<p>Des de Torre Valentina, al sud de la badia, remuntarem cap al nord-est resseguint la costa. Deixarem la balisa de La Llosa per babord. Passarem les cales de La Fosca, S\u2019Alguer i Castell fins a l\u2019Illa, nom que aqu\u00ed reben el conjunt d\u2019esculls anomenats les illes Formigues.<\/p>\n<p>Deixant l\u2019Illa a babord, remuntarem fins al cap de Sant Sebasti\u00e0, virarem, i ja amb el vent a favor si fa tramuntaneta, retornarem fins a cala Castell per fondejar-hi.<\/p>\n<p>Un fondeig a aquesta cala, solit\u00e0ria i salvatge fora de la temporada d\u2019estiu, \u00e9s un plaer per als sentits.<\/p>\n<p>De tornada, amunt les veles al vent i despr\u00e9s d\u2019un curt trajecte arribarem a port cap a les dues del migdia llestos per anar a dinar, havent passat un agradable mat\u00ed de vela, de vent i de llum, ple de contrastos, acompanyats per l\u2019ambient fresc i n\u00edtid de la nostra estimada Costa Brava.<\/p>\n<\/div><div class=\"fusion-clearfix\"><\/div><\/div><\/div><\/div><\/div>\n","protected":false},"excerpt":{"rendered":"","protected":false},"author":1,"featured_media":3114,"parent":3932,"menu_order":0,"comment_status":"closed","ping_status":"closed","template":"100-width.php","meta":{"footnotes":""},"class_list":["post-3948","page","type-page","status-publish","has-post-thumbnail","hentry"],"yoast_head":"<!-- This site is optimized with the Yoast SEO plugin v26.0 - https:\/\/yoast.com\/wordpress\/plugins\/seo\/ -->\n<title>La Llosa \u2013 Cala Castell - Vela N\u00f3mada<\/title>\n<meta name=\"robots\" content=\"index, follow, max-snippet:-1, max-image-preview:large, max-video-preview:-1\" \/>\n<link rel=\"canonical\" href=\"https:\/\/www.velanomada.com\/ca\/itineraris\/la-llosa-cala-castell\/\" \/>\n<meta property=\"og:locale\" content=\"ca_ES\" \/>\n<meta property=\"og:type\" content=\"article\" \/>\n<meta property=\"og:title\" content=\"La Llosa \u2013 Cala Castell - Vela N\u00f3mada\" \/>\n<meta property=\"og:url\" content=\"https:\/\/www.velanomada.com\/ca\/itineraris\/la-llosa-cala-castell\/\" \/>\n<meta property=\"og:site_name\" content=\"Vela N\u00f3mada\" \/>\n<meta property=\"article:publisher\" content=\"https:\/\/www.facebook.com\/Velanomada-142292805787320\/\" \/>\n<meta property=\"article:modified_time\" content=\"2020-04-26T10:33:01+00:00\" \/>\n<meta property=\"og:image\" content=\"https:\/\/www.velanomada.com\/wp-content\/uploads\/2020\/03\/playa-castell-palamos.jpg\" \/>\n\t<meta property=\"og:image:width\" content=\"1600\" \/>\n\t<meta property=\"og:image:height\" content=\"500\" \/>\n\t<meta property=\"og:image:type\" content=\"image\/jpeg\" \/>\n<meta name=\"twitter:card\" content=\"summary_large_image\" \/>\n<meta name=\"twitter:label1\" content=\"Temps estimat de lectura\" \/>\n\t<meta name=\"twitter:data1\" content=\"2 minuts\" \/>\n<script type=\"application\/ld+json\" class=\"yoast-schema-graph\">{\"@context\":\"https:\/\/schema.org\",\"@graph\":[{\"@type\":\"WebPage\",\"@id\":\"https:\/\/www.velanomada.com\/ca\/itineraris\/la-llosa-cala-castell\/\",\"url\":\"https:\/\/www.velanomada.com\/ca\/itineraris\/la-llosa-cala-castell\/\",\"name\":\"La Llosa \u2013 Cala Castell - Vela N\u00f3mada\",\"isPartOf\":{\"@id\":\"https:\/\/www.velanomada.com\/ca\/#website\"},\"primaryImageOfPage\":{\"@id\":\"https:\/\/www.velanomada.com\/ca\/itineraris\/la-llosa-cala-castell\/#primaryimage\"},\"image\":{\"@id\":\"https:\/\/www.velanomada.com\/ca\/itineraris\/la-llosa-cala-castell\/#primaryimage\"},\"thumbnailUrl\":\"https:\/\/www.velanomada.com\/wp-content\/uploads\/2020\/03\/playa-castell-palamos.jpg\",\"datePublished\":\"2020-03-30T19:28:20+00:00\",\"dateModified\":\"2020-04-26T10:33:01+00:00\",\"breadcrumb\":{\"@id\":\"https:\/\/www.velanomada.com\/ca\/itineraris\/la-llosa-cala-castell\/#breadcrumb\"},\"inLanguage\":\"ca\",\"potentialAction\":[{\"@type\":\"ReadAction\",\"target\":[\"https:\/\/www.velanomada.com\/ca\/itineraris\/la-llosa-cala-castell\/\"]}]},{\"@type\":\"ImageObject\",\"inLanguage\":\"ca\",\"@id\":\"https:\/\/www.velanomada.com\/ca\/itineraris\/la-llosa-cala-castell\/#primaryimage\",\"url\":\"https:\/\/www.velanomada.com\/wp-content\/uploads\/2020\/03\/playa-castell-palamos.jpg\",\"contentUrl\":\"https:\/\/www.velanomada.com\/wp-content\/uploads\/2020\/03\/playa-castell-palamos.jpg\",\"width\":1600,\"height\":500},{\"@type\":\"BreadcrumbList\",\"@id\":\"https:\/\/www.velanomada.com\/ca\/itineraris\/la-llosa-cala-castell\/#breadcrumb\",\"itemListElement\":[{\"@type\":\"ListItem\",\"position\":1,\"name\":\"Portada\",\"item\":\"https:\/\/www.velanomada.com\/ca\/\"},{\"@type\":\"ListItem\",\"position\":2,\"name\":\"Itineraris\",\"item\":\"https:\/\/www.velanomada.com\/ca\/itinerarios\/\"},{\"@type\":\"ListItem\",\"position\":3,\"name\":\"La Llosa \u2013 Cala Castell\"}]},{\"@type\":\"WebSite\",\"@id\":\"https:\/\/www.velanomada.com\/ca\/#website\",\"url\":\"https:\/\/www.velanomada.com\/ca\/\",\"name\":\"Vela N\u00f3mada\",\"description\":\"Alquiler de veleros\",\"publisher\":{\"@id\":\"https:\/\/www.velanomada.com\/ca\/#organization\"},\"potentialAction\":[{\"@type\":\"SearchAction\",\"target\":{\"@type\":\"EntryPoint\",\"urlTemplate\":\"https:\/\/www.velanomada.com\/ca\/?s={search_term_string}\"},\"query-input\":{\"@type\":\"PropertyValueSpecification\",\"valueRequired\":true,\"valueName\":\"search_term_string\"}}],\"inLanguage\":\"ca\"},{\"@type\":\"Organization\",\"@id\":\"https:\/\/www.velanomada.com\/ca\/#organization\",\"name\":\"Vela Nomada\",\"url\":\"https:\/\/www.velanomada.com\/ca\/\",\"logo\":{\"@type\":\"ImageObject\",\"inLanguage\":\"ca\",\"@id\":\"https:\/\/www.velanomada.com\/ca\/#\/schema\/logo\/image\/\",\"url\":\"https:\/\/www.velanomada.com\/wp-content\/uploads\/2020\/04\/logo-vela-nomada-webx2.png\",\"contentUrl\":\"https:\/\/www.velanomada.com\/wp-content\/uploads\/2020\/04\/logo-vela-nomada-webx2.png\",\"width\":352,\"height\":152,\"caption\":\"Vela Nomada\"},\"image\":{\"@id\":\"https:\/\/www.velanomada.com\/ca\/#\/schema\/logo\/image\/\"},\"sameAs\":[\"https:\/\/www.facebook.com\/Velanomada-142292805787320\/\",\"https:\/\/www.instagram.com\/velanomadayachtcharter\/\",\"https:\/\/www.youtube.com\/channel\/UC1TivCY0taetRAF7USJqr-Q\"]}]}<\/script>\n<!-- \/ Yoast SEO plugin. -->","yoast_head_json":{"title":"La Llosa \u2013 Cala Castell - Vela N\u00f3mada","robots":{"index":"index","follow":"follow","max-snippet":"max-snippet:-1","max-image-preview":"max-image-preview:large","max-video-preview":"max-video-preview:-1"},"canonical":"https:\/\/www.velanomada.com\/ca\/itineraris\/la-llosa-cala-castell\/","og_locale":"ca_ES","og_type":"article","og_title":"La Llosa \u2013 Cala Castell - Vela N\u00f3mada","og_url":"https:\/\/www.velanomada.com\/ca\/itineraris\/la-llosa-cala-castell\/","og_site_name":"Vela N\u00f3mada","article_publisher":"https:\/\/www.facebook.com\/Velanomada-142292805787320\/","article_modified_time":"2020-04-26T10:33:01+00:00","og_image":[{"width":1600,"height":500,"url":"https:\/\/www.velanomada.com\/wp-content\/uploads\/2020\/03\/playa-castell-palamos.jpg","type":"image\/jpeg"}],"twitter_card":"summary_large_image","twitter_misc":{"Temps estimat de lectura":"2 minuts"},"schema":{"@context":"https:\/\/schema.org","@graph":[{"@type":"WebPage","@id":"https:\/\/www.velanomada.com\/ca\/itineraris\/la-llosa-cala-castell\/","url":"https:\/\/www.velanomada.com\/ca\/itineraris\/la-llosa-cala-castell\/","name":"La Llosa \u2013 Cala Castell - Vela N\u00f3mada","isPartOf":{"@id":"https:\/\/www.velanomada.com\/ca\/#website"},"primaryImageOfPage":{"@id":"https:\/\/www.velanomada.com\/ca\/itineraris\/la-llosa-cala-castell\/#primaryimage"},"image":{"@id":"https:\/\/www.velanomada.com\/ca\/itineraris\/la-llosa-cala-castell\/#primaryimage"},"thumbnailUrl":"https:\/\/www.velanomada.com\/wp-content\/uploads\/2020\/03\/playa-castell-palamos.jpg","datePublished":"2020-03-30T19:28:20+00:00","dateModified":"2020-04-26T10:33:01+00:00","breadcrumb":{"@id":"https:\/\/www.velanomada.com\/ca\/itineraris\/la-llosa-cala-castell\/#breadcrumb"},"inLanguage":"ca","potentialAction":[{"@type":"ReadAction","target":["https:\/\/www.velanomada.com\/ca\/itineraris\/la-llosa-cala-castell\/"]}]},{"@type":"ImageObject","inLanguage":"ca","@id":"https:\/\/www.velanomada.com\/ca\/itineraris\/la-llosa-cala-castell\/#primaryimage","url":"https:\/\/www.velanomada.com\/wp-content\/uploads\/2020\/03\/playa-castell-palamos.jpg","contentUrl":"https:\/\/www.velanomada.com\/wp-content\/uploads\/2020\/03\/playa-castell-palamos.jpg","width":1600,"height":500},{"@type":"BreadcrumbList","@id":"https:\/\/www.velanomada.com\/ca\/itineraris\/la-llosa-cala-castell\/#breadcrumb","itemListElement":[{"@type":"ListItem","position":1,"name":"Portada","item":"https:\/\/www.velanomada.com\/ca\/"},{"@type":"ListItem","position":2,"name":"Itineraris","item":"https:\/\/www.velanomada.com\/ca\/itinerarios\/"},{"@type":"ListItem","position":3,"name":"La Llosa \u2013 Cala Castell"}]},{"@type":"WebSite","@id":"https:\/\/www.velanomada.com\/ca\/#website","url":"https:\/\/www.velanomada.com\/ca\/","name":"Vela N\u00f3mada","description":"Alquiler de veleros","publisher":{"@id":"https:\/\/www.velanomada.com\/ca\/#organization"},"potentialAction":[{"@type":"SearchAction","target":{"@type":"EntryPoint","urlTemplate":"https:\/\/www.velanomada.com\/ca\/?s={search_term_string}"},"query-input":{"@type":"PropertyValueSpecification","valueRequired":true,"valueName":"search_term_string"}}],"inLanguage":"ca"},{"@type":"Organization","@id":"https:\/\/www.velanomada.com\/ca\/#organization","name":"Vela Nomada","url":"https:\/\/www.velanomada.com\/ca\/","logo":{"@type":"ImageObject","inLanguage":"ca","@id":"https:\/\/www.velanomada.com\/ca\/#\/schema\/logo\/image\/","url":"https:\/\/www.velanomada.com\/wp-content\/uploads\/2020\/04\/logo-vela-nomada-webx2.png","contentUrl":"https:\/\/www.velanomada.com\/wp-content\/uploads\/2020\/04\/logo-vela-nomada-webx2.png","width":352,"height":152,"caption":"Vela Nomada"},"image":{"@id":"https:\/\/www.velanomada.com\/ca\/#\/schema\/logo\/image\/"},"sameAs":["https:\/\/www.facebook.com\/Velanomada-142292805787320\/","https:\/\/www.instagram.com\/velanomadayachtcharter\/","https:\/\/www.youtube.com\/channel\/UC1TivCY0taetRAF7USJqr-Q"]}]}},"_links":{"self":[{"href":"https:\/\/www.velanomada.com\/ca\/wp-json\/wp\/v2\/pages\/3948","targetHints":{"allow":["GET"]}}],"collection":[{"href":"https:\/\/www.velanomada.com\/ca\/wp-json\/wp\/v2\/pages"}],"about":[{"href":"https:\/\/www.velanomada.com\/ca\/wp-json\/wp\/v2\/types\/page"}],"author":[{"embeddable":true,"href":"https:\/\/www.velanomada.com\/ca\/wp-json\/wp\/v2\/users\/1"}],"replies":[{"embeddable":true,"href":"https:\/\/www.velanomada.com\/ca\/wp-json\/wp\/v2\/comments?post=3948"}],"version-history":[{"count":5,"href":"https:\/\/www.velanomada.com\/ca\/wp-json\/wp\/v2\/pages\/3948\/revisions"}],"predecessor-version":[{"id":4999,"href":"https:\/\/www.velanomada.com\/ca\/wp-json\/wp\/v2\/pages\/3948\/revisions\/4999"}],"up":[{"embeddable":true,"href":"https:\/\/www.velanomada.com\/ca\/wp-json\/wp\/v2\/pages\/3932"}],"wp:featuredmedia":[{"embeddable":true,"href":"https:\/\/www.velanomada.com\/ca\/wp-json\/wp\/v2\/media\/3114"}],"wp:attachment":[{"href":"https:\/\/www.velanomada.com\/ca\/wp-json\/wp\/v2\/media?parent=3948"}],"curies":[{"name":"wp","href":"https:\/\/api.w.org\/{rel}","templated":true}]}}