{"id":3942,"date":"2020-03-30T19:24:55","date_gmt":"2020-03-30T19:24:55","guid":{"rendered":"https:\/\/www.velanomada.com\/itineraris\/costa-brava-sud-fins-a-blanes\/"},"modified":"2020-04-26T09:18:14","modified_gmt":"2020-04-26T09:18:14","slug":"costa-brava-sud-fins-a-blanes","status":"publish","type":"page","link":"https:\/\/www.velanomada.com\/ca\/itineraris\/costa-brava-sud-fins-a-blanes\/","title":{"rendered":"Costa Brava sud fins a Blanes"},"content":{"rendered":"<div class=\"fusion-fullwidth fullwidth-box fusion-builder-row-1 nonhundred-percent-fullwidth non-hundred-percent-height-scrolling\" style=\"--awb-border-radius-top-left:0px;--awb-border-radius-top-right:0px;--awb-border-radius-bottom-right:0px;--awb-border-radius-bottom-left:0px;--awb-flex-wrap:wrap;\" ><div class=\"fusion-builder-row fusion-row\"><div class=\"fusion-layout-column fusion_builder_column fusion-builder-column-0 fusion_builder_column_1_1 1_1 fusion-one-full fusion-column-first fusion-column-last\" style=\"--awb-bg-size:cover;\"><div class=\"fusion-column-wrapper fusion-column-has-shadow fusion-flex-column-wrapper-legacy\"><div class=\"fusion-text fusion-text-1\"><h1 class=\"page-title\">Costa Brava sud fins a Blanes<\/h1>\n<h2>Navegaci\u00f3 a vela de cap de setmana per con\u00e8ixer el tram sud de la Costa Brava.<\/h2>\n<p>L\u2019itinerari \u00e9s una anada i tornada de la marinera vila de Palam\u00f3s fins a Blanes.<\/p>\n<p><a href=\"https:\/\/www.velanomada.com\/wp-content\/uploads\/it_blanes.jpg\"><img decoding=\"async\" class=\"aligncenter size-full wp-image-728\" title=\"it_blanes\" src=\"https:\/\/www.velanomada.com\/wp-content\/uploads\/it_blanes.jpg\" sizes=\"(max-width: 600px) 100vw, 600px\" srcset=\"https:\/\/www.velanomada.com\/wp-content\/uploads\/it_blanes.jpg 600w, https:\/\/www.velanomada.com\/wp-content\/uploads\/it_blanes-300x225.jpg 300w\" alt=\"Costa Brava sud fins a Blanes\" width=\"98%\" height=\"450\" \/><\/a><\/p>\n<p>\u00c9s una proposta molt indicada quan la tramuntana bufa forta a l\u2019Empord\u00e0. La tramuntana, sovint violenta, quan ens visita acostuma a ser present fins al cap de Begur. Des d\u2019aquest lloc, el vent continua cap a mar obert allunyant-se de la costa i arribant fins m\u00e9s enll\u00e0 de Menorca.<\/p>\n<p>Aix\u00ed doncs si ens mantenim al sud del cap de Begur, i encara millor al sud de Palam\u00f3s, estarem navegant en una zona arrecerada amb poca mar i un vent de nord adequat per navegar, i que moltes vegades arriba fins i tot a girar a garb\u00ed (SW) a les hores centrals del dia quan el sol escalfa de valent.<\/p>\n<p>Aquesta baixada de la tramuntana cap a mar obert a partir de Begur degut a la orografia del terreny, fa que Palam\u00f3s pugui continuar sent un bon punt d\u2019embarcament quan la tenim aqu\u00ed, a difer\u00e8ncia dels ports que estan situats al nord de Begur on moltes vegades, quan bufa tramuntana, no es pot o no \u00e9s recomanable de sortir a navegar.<\/p>\n<p><strong>Primer dia.<\/strong><br \/>\nSortirem de Palam\u00f3s a primera hora del mat\u00ed. Travessarem tota la badia fins a trobar en un tres i no res el bonic poble de Sant Feliu.<\/p>\n<p>La badia de Palam\u00f3s queda delimitada al nord pel promontori del far hom\u00f2nim i al sud per Torre Valentina, una torre de pedra que podrem distingir aixecada a tocar del cam\u00ed de ronda.<\/p>\n<p>La badia t\u00e9 quasi dues milles de llarg, de costa baixa aix\u00ed com la vall que hi ha terra endins. Aix\u00f2 fa que no hi hagi pertorbacions importants dels vents i hi bufen continus permetent gaudir al m\u00e0xim de la vela.<\/p>\n<p>No ens aturarem, sin\u00f3 que continuarem avall, sota una interessant costa plena de penya-segats abruptes.A partir de Sant Feliu els boscos de pins s\u00f3n molt densos, i cauen fins a tocar el mar.<\/p>\n<p>Aquesta zona, fins al cap de Tossa compren un tram de 4 milles en l\u00ednia recta. \u00c9s una zona fortament castigada pels ferotges temporals de llevant hivernals, que han anat configurant els penya-segats que veiem, torturats i erosionats obrint cales profundes i alguna cova.<\/p>\n<p>Un bon fondeig per dinar \u00e9s la cala Giberola, bonica i agradable. Hi tenim de dues a tres hores de navegaci\u00f3 des de Palam\u00f3s.<\/p>\n<p>Aquesta cala entra uns 150 m en relaci\u00f3 a la l\u00ednia de la costa. El fons \u00e9s de sorra de 5 a 7 m. \u00c9s aconsellable acostar-nos-hi per babord ja que a estribord hi ha algunes roques submergides, una de les quals est\u00e0 a nom\u00e9s 0,5 m de la superf\u00edcie.<\/p>\n<p>Atenci\u00f3 a uns perillosos esculls submergits a 50 m a l\u2019est de la punta Giverola, promontori que tanca la cala pel nord.<\/p>\n<p>Des de Giverola, amb l\u2019embarcaci\u00f3 auxiliar podem dirigir-nos al sud fins quasi la punta Pola, trobarem una cova important, de sostre elevat i molta profunditat. Entra 100 m a la roca descendint accentuadament fins a nivell de l\u2019aigua. Es un lloc atractiu per\u00f2 resulta angoixant a causa de l\u2019obscur color de les seves profundes aig\u00fces.<\/p>\n<p>Altres fondejos a la zona, si Giverola est\u00e0 plena s\u00f3n:<br \/>\n\u00b7 Cala Futadera, oberta a llevant, bon fondeig amb vents de garb\u00ed. Cal fondejar al centre de la cala amb fons de sorra de 5 a 8 m.<br \/>\n\u00b7 Cala Pola, a ponent de la punta Pola. Petita per\u00f2 sense esculls perillosos. Fons de sorra de 2 a 5 m. Ofereix poca protecci\u00f3 amb garb\u00ed.<br \/>\n\u00b7 Cala Bona, molt petita i de fondeig dif\u00edcil. \u00c9s necessari anar amb molt de compte a l\u2019entrar-hi. Ofereix molt bon resguard. La maniobra cal fer-la a poca marxa i amb tripulaci\u00f3 mirant la profunditat per la proa i per la popa.<\/p>\n<p>A la tarda farem rumb a Blanes on passarem la nit amarrats al bonic port esportiu.<\/p>\n<p><a href=\"https:\/\/www.velanomada.com\/wp-content\/uploads\/104.-Giverola.jpg\"><img decoding=\"async\" class=\"aligncenter size-full wp-image-1231\" title=\"104. Giverola\" src=\"https:\/\/www.velanomada.com\/wp-content\/uploads\/104.-Giverola.jpg\" alt=\"Costa Brava sud fins a Blanes\" width=\"270\" height=\"187\" \/><\/a><\/p>\n<p><strong>Segon dia.<\/strong><br \/>\nL\u2019endem\u00e0, sortirem a bona hora de tornada cap a Palam\u00f3s. Reconeixerem la costa d\u2019ahir fixant-nos ara en detalls que no vam saber veure durant el dia anterior.<\/p>\n<p>Sortint de Blanes, a 2 milles al nord divisarem la platja de Santa Cristina al sud de Lloret de Mar, una de les m\u00e9s boniques de la zona on estem navegant.<\/p>\n<p>Passat Lloret de Mar veurem un petit port majorit\u00e0riament usat per barques de pesca petites situat a la cala Canyelles.<\/p>\n<p>A llevant de cala Canyelles, a cosa d&#8217;una milla trobarem cala Morisca, molt estreta per\u00f2 que entra profundament. El lloc \u00e9s bonic per\u00f2 apte nom\u00e9s per fondejos amb vaixells petits ja que hi ha perillosos esculls a banda i banda sent necessari mantenir el vaixell ben al mig.<\/p>\n<p>A mida que ens acostem a Tossa, encara sense veure el poble perque queda darrera el cap del mateix nom, veurem la torre de les antigues muralles. Just sota la torre hi ha la cala del Codolar. La cala rep el nom de la quantitat de c\u00f2dols que t\u00e9 al seu fons. El lloc \u00e9s molt pintoresc per la seva configuraci\u00f3. El Codolar t\u00e9 uns 100 m d\u2019ample per altres 100 m de llarg i el fons est\u00e0 entre 3 i 6 m.<\/p>\n<p>Si la mar est\u00e0 calmada podem fondejar a la cala del Codolar o a la platja de Tossa, prop del castell, i baixar a terra per visitar-lo.<\/p>\n<p>La navegaci\u00f3 a vela discorre pl\u00e0cidament. Passarem Sant Feliu i a l\u2019al\u00e7ada de la platja de Sant Pol, sota S\u2019Agar\u00f3, canviarem de rumb per entrar-hi.Aquest lloc \u00e9s molt indicat per fondejar durant el dia i banyar-se.<\/p>\n<p>La cala t\u00e9 una platja de sorra blanca de 700 m de llarg, la profunditat de fondeig se situa sobre els 5 m amb fons de sorra.<\/p>\n<p>El costat de llevant de Sant Pol est\u00e0 tancat per un penya-segat que s\u2019est\u00e9n una milla i mitja fins Port d\u2019Aro, on la costa recupera el caire sorrenc.<\/p>\n<p>A la tarda, tornarem a inflar les veles per fer cap a Palam\u00f3s, on acabarem aquesta petita aventura, que ens haur\u00e0 portat a con\u00e8ixer aquest tram de Costa Brava des del mar.<\/p>\n<p><a href=\"https:\/\/www.velanomada.com\/wp-content\/uploads\/107.-Tossa.png\"><img decoding=\"async\" class=\"aligncenter size-full wp-image-1232\" title=\"107. Tossa de Mar\" src=\"https:\/\/www.velanomada.com\/wp-content\/uploads\/107.-Tossa.png\" alt=\"Costa Brava sud fins a Blanes\" width=\"259\" height=\"194\" \/><\/a><\/p>\n<\/div><div class=\"fusion-clearfix\"><\/div><\/div><\/div><\/div><\/div>\n","protected":false},"excerpt":{"rendered":"","protected":false},"author":1,"featured_media":3124,"parent":3932,"menu_order":0,"comment_status":"closed","ping_status":"closed","template":"100-width.php","meta":{"footnotes":""},"class_list":["post-3942","page","type-page","status-publish","has-post-thumbnail","hentry"],"yoast_head":"<!-- This site is optimized with the Yoast SEO plugin v26.0 - https:\/\/yoast.com\/wordpress\/plugins\/seo\/ -->\n<title>Costa Brava sud fins a Blanes - Vela N\u00f3mada<\/title>\n<meta name=\"robots\" content=\"index, follow, max-snippet:-1, max-image-preview:large, max-video-preview:-1\" \/>\n<link rel=\"canonical\" href=\"https:\/\/www.velanomada.com\/ca\/itineraris\/costa-brava-sud-fins-a-blanes\/\" \/>\n<meta property=\"og:locale\" content=\"ca_ES\" \/>\n<meta property=\"og:type\" content=\"article\" \/>\n<meta property=\"og:title\" content=\"Costa Brava sud fins a Blanes - Vela N\u00f3mada\" \/>\n<meta property=\"og:url\" content=\"https:\/\/www.velanomada.com\/ca\/itineraris\/costa-brava-sud-fins-a-blanes\/\" \/>\n<meta property=\"og:site_name\" content=\"Vela N\u00f3mada\" \/>\n<meta property=\"article:publisher\" content=\"https:\/\/www.facebook.com\/Velanomada-142292805787320\/\" \/>\n<meta property=\"article:modified_time\" content=\"2020-04-26T09:18:14+00:00\" \/>\n<meta property=\"og:image\" content=\"https:\/\/www.velanomada.com\/wp-content\/uploads\/2020\/03\/cala-santa-cristina-blanes-costa-brava.jpg\" \/>\n\t<meta property=\"og:image:width\" content=\"1600\" \/>\n\t<meta property=\"og:image:height\" content=\"500\" \/>\n\t<meta property=\"og:image:type\" content=\"image\/jpeg\" \/>\n<meta name=\"twitter:card\" content=\"summary_large_image\" \/>\n<meta name=\"twitter:label1\" content=\"Temps estimat de lectura\" \/>\n\t<meta name=\"twitter:data1\" content=\"7 minuts\" \/>\n<script type=\"application\/ld+json\" class=\"yoast-schema-graph\">{\"@context\":\"https:\/\/schema.org\",\"@graph\":[{\"@type\":\"WebPage\",\"@id\":\"https:\/\/www.velanomada.com\/ca\/itineraris\/costa-brava-sud-fins-a-blanes\/\",\"url\":\"https:\/\/www.velanomada.com\/ca\/itineraris\/costa-brava-sud-fins-a-blanes\/\",\"name\":\"Costa Brava sud fins a Blanes - Vela N\u00f3mada\",\"isPartOf\":{\"@id\":\"https:\/\/www.velanomada.com\/ca\/#website\"},\"primaryImageOfPage\":{\"@id\":\"https:\/\/www.velanomada.com\/ca\/itineraris\/costa-brava-sud-fins-a-blanes\/#primaryimage\"},\"image\":{\"@id\":\"https:\/\/www.velanomada.com\/ca\/itineraris\/costa-brava-sud-fins-a-blanes\/#primaryimage\"},\"thumbnailUrl\":\"https:\/\/www.velanomada.com\/wp-content\/uploads\/2020\/03\/cala-santa-cristina-blanes-costa-brava.jpg\",\"datePublished\":\"2020-03-30T19:24:55+00:00\",\"dateModified\":\"2020-04-26T09:18:14+00:00\",\"breadcrumb\":{\"@id\":\"https:\/\/www.velanomada.com\/ca\/itineraris\/costa-brava-sud-fins-a-blanes\/#breadcrumb\"},\"inLanguage\":\"ca\",\"potentialAction\":[{\"@type\":\"ReadAction\",\"target\":[\"https:\/\/www.velanomada.com\/ca\/itineraris\/costa-brava-sud-fins-a-blanes\/\"]}]},{\"@type\":\"ImageObject\",\"inLanguage\":\"ca\",\"@id\":\"https:\/\/www.velanomada.com\/ca\/itineraris\/costa-brava-sud-fins-a-blanes\/#primaryimage\",\"url\":\"https:\/\/www.velanomada.com\/wp-content\/uploads\/2020\/03\/cala-santa-cristina-blanes-costa-brava.jpg\",\"contentUrl\":\"https:\/\/www.velanomada.com\/wp-content\/uploads\/2020\/03\/cala-santa-cristina-blanes-costa-brava.jpg\",\"width\":1600,\"height\":500},{\"@type\":\"BreadcrumbList\",\"@id\":\"https:\/\/www.velanomada.com\/ca\/itineraris\/costa-brava-sud-fins-a-blanes\/#breadcrumb\",\"itemListElement\":[{\"@type\":\"ListItem\",\"position\":1,\"name\":\"Portada\",\"item\":\"https:\/\/www.velanomada.com\/ca\/\"},{\"@type\":\"ListItem\",\"position\":2,\"name\":\"Itineraris\",\"item\":\"https:\/\/www.velanomada.com\/ca\/itinerarios\/\"},{\"@type\":\"ListItem\",\"position\":3,\"name\":\"Costa Brava sud fins a Blanes\"}]},{\"@type\":\"WebSite\",\"@id\":\"https:\/\/www.velanomada.com\/ca\/#website\",\"url\":\"https:\/\/www.velanomada.com\/ca\/\",\"name\":\"Vela N\u00f3mada\",\"description\":\"Alquiler de veleros\",\"publisher\":{\"@id\":\"https:\/\/www.velanomada.com\/ca\/#organization\"},\"potentialAction\":[{\"@type\":\"SearchAction\",\"target\":{\"@type\":\"EntryPoint\",\"urlTemplate\":\"https:\/\/www.velanomada.com\/ca\/?s={search_term_string}\"},\"query-input\":{\"@type\":\"PropertyValueSpecification\",\"valueRequired\":true,\"valueName\":\"search_term_string\"}}],\"inLanguage\":\"ca\"},{\"@type\":\"Organization\",\"@id\":\"https:\/\/www.velanomada.com\/ca\/#organization\",\"name\":\"Vela Nomada\",\"url\":\"https:\/\/www.velanomada.com\/ca\/\",\"logo\":{\"@type\":\"ImageObject\",\"inLanguage\":\"ca\",\"@id\":\"https:\/\/www.velanomada.com\/ca\/#\/schema\/logo\/image\/\",\"url\":\"https:\/\/www.velanomada.com\/wp-content\/uploads\/2020\/04\/logo-vela-nomada-webx2.png\",\"contentUrl\":\"https:\/\/www.velanomada.com\/wp-content\/uploads\/2020\/04\/logo-vela-nomada-webx2.png\",\"width\":352,\"height\":152,\"caption\":\"Vela Nomada\"},\"image\":{\"@id\":\"https:\/\/www.velanomada.com\/ca\/#\/schema\/logo\/image\/\"},\"sameAs\":[\"https:\/\/www.facebook.com\/Velanomada-142292805787320\/\",\"https:\/\/www.instagram.com\/velanomadayachtcharter\/\",\"https:\/\/www.youtube.com\/channel\/UC1TivCY0taetRAF7USJqr-Q\"]}]}<\/script>\n<!-- \/ Yoast SEO plugin. -->","yoast_head_json":{"title":"Costa Brava sud fins a Blanes - Vela N\u00f3mada","robots":{"index":"index","follow":"follow","max-snippet":"max-snippet:-1","max-image-preview":"max-image-preview:large","max-video-preview":"max-video-preview:-1"},"canonical":"https:\/\/www.velanomada.com\/ca\/itineraris\/costa-brava-sud-fins-a-blanes\/","og_locale":"ca_ES","og_type":"article","og_title":"Costa Brava sud fins a Blanes - Vela N\u00f3mada","og_url":"https:\/\/www.velanomada.com\/ca\/itineraris\/costa-brava-sud-fins-a-blanes\/","og_site_name":"Vela N\u00f3mada","article_publisher":"https:\/\/www.facebook.com\/Velanomada-142292805787320\/","article_modified_time":"2020-04-26T09:18:14+00:00","og_image":[{"width":1600,"height":500,"url":"https:\/\/www.velanomada.com\/wp-content\/uploads\/2020\/03\/cala-santa-cristina-blanes-costa-brava.jpg","type":"image\/jpeg"}],"twitter_card":"summary_large_image","twitter_misc":{"Temps estimat de lectura":"7 minuts"},"schema":{"@context":"https:\/\/schema.org","@graph":[{"@type":"WebPage","@id":"https:\/\/www.velanomada.com\/ca\/itineraris\/costa-brava-sud-fins-a-blanes\/","url":"https:\/\/www.velanomada.com\/ca\/itineraris\/costa-brava-sud-fins-a-blanes\/","name":"Costa Brava sud fins a Blanes - Vela N\u00f3mada","isPartOf":{"@id":"https:\/\/www.velanomada.com\/ca\/#website"},"primaryImageOfPage":{"@id":"https:\/\/www.velanomada.com\/ca\/itineraris\/costa-brava-sud-fins-a-blanes\/#primaryimage"},"image":{"@id":"https:\/\/www.velanomada.com\/ca\/itineraris\/costa-brava-sud-fins-a-blanes\/#primaryimage"},"thumbnailUrl":"https:\/\/www.velanomada.com\/wp-content\/uploads\/2020\/03\/cala-santa-cristina-blanes-costa-brava.jpg","datePublished":"2020-03-30T19:24:55+00:00","dateModified":"2020-04-26T09:18:14+00:00","breadcrumb":{"@id":"https:\/\/www.velanomada.com\/ca\/itineraris\/costa-brava-sud-fins-a-blanes\/#breadcrumb"},"inLanguage":"ca","potentialAction":[{"@type":"ReadAction","target":["https:\/\/www.velanomada.com\/ca\/itineraris\/costa-brava-sud-fins-a-blanes\/"]}]},{"@type":"ImageObject","inLanguage":"ca","@id":"https:\/\/www.velanomada.com\/ca\/itineraris\/costa-brava-sud-fins-a-blanes\/#primaryimage","url":"https:\/\/www.velanomada.com\/wp-content\/uploads\/2020\/03\/cala-santa-cristina-blanes-costa-brava.jpg","contentUrl":"https:\/\/www.velanomada.com\/wp-content\/uploads\/2020\/03\/cala-santa-cristina-blanes-costa-brava.jpg","width":1600,"height":500},{"@type":"BreadcrumbList","@id":"https:\/\/www.velanomada.com\/ca\/itineraris\/costa-brava-sud-fins-a-blanes\/#breadcrumb","itemListElement":[{"@type":"ListItem","position":1,"name":"Portada","item":"https:\/\/www.velanomada.com\/ca\/"},{"@type":"ListItem","position":2,"name":"Itineraris","item":"https:\/\/www.velanomada.com\/ca\/itinerarios\/"},{"@type":"ListItem","position":3,"name":"Costa Brava sud fins a Blanes"}]},{"@type":"WebSite","@id":"https:\/\/www.velanomada.com\/ca\/#website","url":"https:\/\/www.velanomada.com\/ca\/","name":"Vela N\u00f3mada","description":"Alquiler de veleros","publisher":{"@id":"https:\/\/www.velanomada.com\/ca\/#organization"},"potentialAction":[{"@type":"SearchAction","target":{"@type":"EntryPoint","urlTemplate":"https:\/\/www.velanomada.com\/ca\/?s={search_term_string}"},"query-input":{"@type":"PropertyValueSpecification","valueRequired":true,"valueName":"search_term_string"}}],"inLanguage":"ca"},{"@type":"Organization","@id":"https:\/\/www.velanomada.com\/ca\/#organization","name":"Vela Nomada","url":"https:\/\/www.velanomada.com\/ca\/","logo":{"@type":"ImageObject","inLanguage":"ca","@id":"https:\/\/www.velanomada.com\/ca\/#\/schema\/logo\/image\/","url":"https:\/\/www.velanomada.com\/wp-content\/uploads\/2020\/04\/logo-vela-nomada-webx2.png","contentUrl":"https:\/\/www.velanomada.com\/wp-content\/uploads\/2020\/04\/logo-vela-nomada-webx2.png","width":352,"height":152,"caption":"Vela Nomada"},"image":{"@id":"https:\/\/www.velanomada.com\/ca\/#\/schema\/logo\/image\/"},"sameAs":["https:\/\/www.facebook.com\/Velanomada-142292805787320\/","https:\/\/www.instagram.com\/velanomadayachtcharter\/","https:\/\/www.youtube.com\/channel\/UC1TivCY0taetRAF7USJqr-Q"]}]}},"_links":{"self":[{"href":"https:\/\/www.velanomada.com\/ca\/wp-json\/wp\/v2\/pages\/3942","targetHints":{"allow":["GET"]}}],"collection":[{"href":"https:\/\/www.velanomada.com\/ca\/wp-json\/wp\/v2\/pages"}],"about":[{"href":"https:\/\/www.velanomada.com\/ca\/wp-json\/wp\/v2\/types\/page"}],"author":[{"embeddable":true,"href":"https:\/\/www.velanomada.com\/ca\/wp-json\/wp\/v2\/users\/1"}],"replies":[{"embeddable":true,"href":"https:\/\/www.velanomada.com\/ca\/wp-json\/wp\/v2\/comments?post=3942"}],"version-history":[{"count":4,"href":"https:\/\/www.velanomada.com\/ca\/wp-json\/wp\/v2\/pages\/3942\/revisions"}],"predecessor-version":[{"id":4994,"href":"https:\/\/www.velanomada.com\/ca\/wp-json\/wp\/v2\/pages\/3942\/revisions\/4994"}],"up":[{"embeddable":true,"href":"https:\/\/www.velanomada.com\/ca\/wp-json\/wp\/v2\/pages\/3932"}],"wp:featuredmedia":[{"embeddable":true,"href":"https:\/\/www.velanomada.com\/ca\/wp-json\/wp\/v2\/media\/3124"}],"wp:attachment":[{"href":"https:\/\/www.velanomada.com\/ca\/wp-json\/wp\/v2\/media?parent=3942"}],"curies":[{"name":"wp","href":"https:\/\/api.w.org\/{rel}","templated":true}]}}